{"id":902,"date":"2020-10-12T10:55:10","date_gmt":"2020-10-12T10:55:10","guid":{"rendered":"https:\/\/www.baycanmalzeme.com\/?page_id=902"},"modified":"2021-07-08T09:12:00","modified_gmt":"2021-07-08T09:12:00","slug":"tela-2","status":"publish","type":"page","link":"https:\/\/www.baycanmalzeme.com\/?page_id=902","title":{"rendered":"Mattress bed raw materials from Turkey &#8211; latex, bondex foam, interlining, felt, fiber, sandwich mesh, pillow"},"content":{"rendered":"<p>[pl_row pagelayer-id=&#8221;35ev7iorac25caoo&#8221; ][pl_col pagelayer-id=&#8221;jj8gdoe52c6mz255&#8243;  col=&#8221;12&#8243;][pl_text pagelayer-id=&#8221;zk6c1vy8bq2rtj54&#8243; ]<\/p>\n<p>[\/pl_text]<br \/>\n[\/pl_col]<br \/>\n[\/pl_row]<br \/>\n[pl_row pagelayer-id=&#8221;Dmeeuzs3u9tnkzNu&#8221;  stretch=&#8221;auto&#8221; col_gap=&#8221;10&#8243; width_content=&#8221;auto&#8221; row_height=&#8221;default&#8221; overlay_hover_delay=&#8221;400&#8243; row_shape_top_color=&#8221;#227bc3&#8243; row_shape_top_width=&#8221;100&#8243; row_shape_top_height=&#8221;100&#8243; row_shape_bottom_color=&#8221;#e44993&#8243; row_shape_bottom_width=&#8221;100&#8243; row_shape_bottom_height=&#8221;100&#8243;][pl_col pagelayer-id=&#8221;tFRaxAyAvxfT17Jc&#8221;  overlay_hover_delay=&#8221;400&#8243;][pl_heading pagelayer-id=&#8221;3IzzpFYuAiRb3F29&#8243;  heading_state=&#8221;normal&#8221; align=&#8221;center&#8221; heading_typo=&#8221;Cabin,32,,,,,Solid,,,,&#8221; color=&#8221;#757379ff&#8221;]<\/p>\n<h2>TELA<\/h2>\n<p>[\/pl_heading]<br \/>\n[\/pl_col]<br \/>\n[\/pl_row]<br \/>\n[pl_row pagelayer-id=&#8221;wN6gFmFHk5CKdOqU&#8221;  stretch=&#8221;auto&#8221; col_gap=&#8221;10&#8243; width_content=&#8221;auto&#8221; row_height=&#8221;default&#8221; overlay_hover_delay=&#8221;400&#8243; row_shape_top_color=&#8221;#227bc3&#8243; row_shape_top_width=&#8221;100&#8243; row_shape_top_height=&#8221;100&#8243; row_shape_bottom_color=&#8221;#e44993&#8243; row_shape_bottom_width=&#8221;100&#8243; row_shape_bottom_height=&#8221;100&#8243;][pl_col pagelayer-id=&#8221;4Jl7fyrgRtGBwUg7&#8243;  overlay_hover_delay=&#8221;400&#8243;][pl_inner_row pagelayer-id=&#8221;KqqhgYiRogbh5j9d&#8221;  stretch=&#8221;auto&#8221; col_gap=&#8221;10&#8243; width_content=&#8221;auto&#8221; row_height=&#8221;default&#8221; overlay_hover_delay=&#8221;400&#8243; row_shape_top_color=&#8221;#227bc3&#8243; row_shape_top_width=&#8221;100&#8243; row_shape_top_height=&#8221;100&#8243; row_shape_bottom_color=&#8221;#e44993&#8243; row_shape_bottom_width=&#8221;100&#8243; row_shape_bottom_height=&#8221;100&#8243;][pl_inner_col pagelayer-id=&#8221;H9rqtM8nBCnTLE6x&#8221;  overlay_hover_delay=&#8221;400&#8243; col=&#8221;12&#8243;][pl_text pagelayer-id=&#8221;UZFmAzF0Payy6ZlG&#8221; ]<\/p>\n<h6 style=\"text-align: justify;\"><span style=\"color: #7f7f7f;\"><span style=\"color: #595959;\">DOKUSUZ Y\u00dcZEY TELALAR<br \/>\nBu telalar\u0131n mukavemeti olduk\u00e7a d\u00fc\u015f\u00fck olmas\u0131na ra\u011fmen bir o kadar da tercih edilen yayg\u0131n kullan\u0131m sahiptir. Ayn\u0131 zamanda kenarlar\u0131 sa\u00e7aklanmad\u0131\u011f\u0131 i\u00e7in de diki\u015f esnas\u0131nda kolayl\u0131k sa\u011flar.<br \/>\nWoven telalar\u0131n performans\u0131 lif i\u00e7eri\u011fi, kuma\u015f a\u011f\u0131rl\u0131\u011f\u0131 ve kuma\u015f i\u00e7indeki oryantasyona ba\u011fl\u0131 olarak de\u011fi\u015fmektedir.<br \/>\nBu t\u00fcr telalar \u00e7o\u011funlukla y\u0131kanabilen giysilerde rastlanmaktad\u0131r. Naylon, polyester gibi hafif ve mukavim liflerden \u00fcretilmektedir. Bu liflerin y\u00fcksek mukavemeti ve y\u00fcksekli\u011finden yararlan\u0131larak \u00e7ok de\u011fi\u015fik tutum ve performanslarda hafif telalar elde edilmektedir. \u00c7ok hacimli veya yumu\u015fak telalarda dokusuz y\u00fczey tekni\u011fi ile \u00fcretilmektedir.<br \/>\nDokusuz y\u00fczey telalar liflerin uzunlu\u011fu boyunca veya rastgele da\u011f\u0131t\u0131lmas\u0131 ile elde edilir. Rast gele da\u011f\u0131t\u0131lm\u0131\u015f telalar her y\u00f6nde esnemeye m\u00fcsaittir. Bu telalar ekonomik olarak kesilebilir. Ancak ilik, kemer gibi kuvvete maruz kalan yerlerde yetersiz kal\u0131r.<br \/>\nBoyuna y\u00f6nlendirilmi\u015f lif yap\u0131s\u0131na sahip telalar ise uzunluk y\u00f6n\u00fcnde de\u011fi\u015fmez enine y\u00f6nde esneklik sa\u011flar. Kesimi ve giysiye yerle\u015fimi s\u0131ras\u0131nda uzunluk y\u00f6n\u00fcne dikkat etmek gerekir. \u00d6rme kuma\u015flarda enine a\u00e7\u0131lan iliklerin haricinde yeterli stabilite sa\u011flar. \u00d6rme kuma\u015fta enine ilik sabitle\u015ftirilmez ise esner ve \u00f6rtme g\u00f6revini yerine getirmez. S\u00fcrt\u00fcnme dayan\u0131m\u0131 d\u00fc\u015f\u00fck oldu\u011fundan boncuklanma problemi ile kar\u015f\u0131la\u015f\u0131l\u0131r.<br \/>\n\u00dc\u00e7 tip dokusuz y\u00fczey olu\u015fumu vard\u0131r;<br \/>\n*Geli\u015fi g\u00fczel; lifler geli\u015fi g\u00fczel d\u00fczenlenmi\u015ftir. Bu y\u00fczden herhangi bir y\u00f6nde direnci d\u00fc\u015f\u00fckt\u00fcr.<br \/>\n*Paralel; lifler yap\u0131n\u0131n uzunlu\u011fu y\u00f6n\u00fcnde d\u00fczenlenmi\u015f olup telaya en y\u00f6n\u00fcnde esneklik kazand\u0131r\u0131r.<br \/>\n*\u00c7apraz; lifler eksene 45 derecelik bir a\u00e7\u0131 ile yerle\u015ftirilmi\u015f olup en ve boy direncini artt\u0131rmak hedeflenmi\u015ftir.<br \/>\n<\/span><\/span><\/h6>\n<h6 style=\"text-align: justify;\"><span style=\"color: #595959;\">\u00a0<\/span><\/h6>\n<h6 style=\"text-align: justify;\"><span style=\"color: #595959;\">DOKUNMU\u015e TELALAR<br \/>\nKuma\u015fta oldu\u011fu gibi ipliklerin atk\u0131 ve \u00e7\u00f6zg\u00fc olarak dikey ve yatay y\u00f6nlerde birbirlerinin aralar\u0131ndan yani birbirlerinin alt\u0131ndan ve \u00fcst\u00fcnden ge\u00e7erek y\u00fczey olu\u015fturma ile yap\u0131l\u0131r.<br \/>\nHer t\u00fcrl\u00fc liften \u00fcretilebilmektedir. \u00dcretim \u015fekli dokusuz y\u00fczeye g\u00f6re daha pahal\u0131d\u0131r ve sa\u00e7aklanma e\u011filimi daha y\u00fcksektir. Verev bir par\u00e7ay\u0131 sabitlemek ve esnemeyi engellemek i\u00e7in d\u00fcz iplik y\u00f6n\u00fcnde kesilmesi, e\u011fer y\u00fcksek esneklik isteniyorsa kuma\u015f gibi verev y\u00f6nde kesilmesi uygundur. Y\u00fcksek performans elde edebilmek i\u00e7in bu t\u00fcr telalar\u0131n giysi par\u00e7alar\u0131n\u0131n kesim y\u00f6n\u00fcnde kesilmesi uygun olacakt\u0131r. Aksi durumda esneme gerilme ve d\u00f6k\u00fcms\u00fczl\u00fck gibi sorunlar la kar\u015f\u0131la\u015f\u0131labilir. Telan\u0131n performans\u0131 d\u0131\u015f kuma\u015f\u0131n performans\u0131n\u0131 da etkiler.<\/span><\/h6>\n<h6 style=\"text-align: justify;\"><span style=\"color: #595959;\">\u00a0<\/span><\/h6>\n<p><span style=\"color: #595959;\">\u00a0<\/span><\/p>\n<h6 style=\"text-align: justify;\"><span style=\"color: #595959;\">\u00d6RG\u00dc TELALAR<br \/>\n\u00c7o\u011funlukla \u00e7\u00f6zg\u00fcl\u00fc \u00f6rme, ra\u015fel ve atk\u0131 eklemeli ra\u015fel \u00f6rg\u00fc kuma\u015flar kullan\u0131lmaktad\u0131r. Tela olarak kullan\u0131lacak triko ve ra\u015fel kuma\u015flar \u00e7e\u015fitli a\u011f\u0131rl\u0131klarda olup, stabilitelesi y\u00fcksek, esneklikleri ise yok denecek kadar azd\u0131r.<br \/>\nAtk\u0131 beslemeli ra\u015fel \u00f6rg\u00fclerin bir y\u00fcz\u00fcne yap\u0131\u015fkan madde eklenerek yap\u0131\u015fkan telalar olarak kullan\u0131l\u0131r. Atk\u0131 eklemeli yap\u0131 ende esneklik, boyda stabilite, yumu\u015fakl\u0131k ve d\u00f6k\u00fcml\u00fcl\u00fck kazand\u0131r\u0131r. Bu \u00f6zellikleri nedeniyle bu tip telalar y\u00fcn ve y\u00fcn kar\u0131\u015f\u0131m\u0131 kuma\u015flarda tercih edilmektedir. Esnek oluklar\u0131 i\u00e7in \u00f6rme kuma\u015flarda da kullan\u0131lmaktad\u0131r.<br \/>\n<\/span><\/h6>\n<h6 style=\"text-align: justify;\"><span style=\"color: #595959;\">\u00a0<\/span><\/h6>\n<h6 style=\"text-align: justify;\"><span style=\"color: #595959;\">KAPLAMA Y\u00d6NTEMLER\u0130NE G\u00d6RE TELALAR<br \/>\nS\u0131vma (Eleme) Telalar\u0131; En uygun maliyetli telalard\u0131r. Kaplama titre\u015fimle baza serpilir. K\u0131z\u0131l \u00f6tesi f\u0131r\u0131nda eritilir.\u00a0 Dokuma ve donmam\u0131\u015f tela bazlar\u0131na uygulan\u0131r.<br \/>\nToz Noktal\u0131 Telalar; Kaplama silindirik bir \u015fablon taraf\u0131ndan eriyik olarak tel baz\u0131na tutulur.<br \/>\nPasta Noktal\u0131 Telalar; Kaplama daha \u00f6nce olu\u015fturulmu\u015f pasta halindeki \u0131slak kar\u0131\u015f\u0131m\u0131 pompa yard\u0131m\u0131 ile bask\u0131 levhas\u0131na ta\u015f\u0131narak bas\u0131n\u00e7la elekten dokunmam\u0131\u015f tela baz\u0131na aktar\u0131l\u0131r.<br \/>\nHot Melt (S\u0131cak Eriyik) Noktal\u0131 Telalar; Triko \u00f6rme tela bazlar\u0131nda, \u00f6rg\u00fcy\u00fc olu\u015fturan ipliklerin kesi\u015fti\u011fi noktalara, par\u00e7ac\u0131k haldeyken eriyik hale getirili\u015f kaplaman\u0131n do\u011frudan silindir yard\u0131m\u0131yla aktar\u0131lmas\u0131yla elde edilir. Kaplama s\u0131cak kaplanacak y\u00fczey so\u011fuk olabilir.<br \/>\n\u00c7ift Noktal\u0131 Telalar; Kaplaman\u0131n eriyerek ince kuma\u015flarda kuma\u015f\u0131n y\u00fcz\u00fcne, telalarda arka y\u00fcze ge\u00e7mesini engellemek ve \u00fcst\u00fcn bir yap\u0131\u015fma verimi elde etmek amac\u0131yla iki farkl\u0131 erime seviyesine sahip yap\u0131\u015fkan\u0131n telaya uygulanmas\u0131yla elde edilir.<br \/>\n<\/span><\/h6>\n<h6 style=\"text-align: justify;\"><span style=\"color: #595959;\">\u00a0<\/span><\/h6>\n<h6 style=\"text-align: justify;\"><span style=\"color: #595959;\">KAPLAMALAR (YAPI\u015eKAN K\u0130MYASALLAR)<br \/>\nHerhangi bir kuma\u015f\u0131n tela vasf\u0131n\u0131 alabilmesi i\u00e7in kaplama dedi\u011fimiz yap\u0131\u015fkan malzeme ile kaplanm\u0131\u015f olmas\u0131 gerekmektedir.<br \/>\nPolyamidler(Pa); Kullan\u0131\u015fl\u0131 olmalar\u0131 kolay i\u015flenebilmeleri nedeniyle yap\u0131\u015fkan tela kaplanmas\u0131nda g\u00fcn\u00fcm\u00fczde kullan\u0131lan en \u00f6nemli yap\u0131\u015fkan (termoplastik) malzemedir.120- 150 derecelerde yap\u0131\u015fma \u00f6zelli\u011fine sahiptir. Y\u0131kanma \u0131s\u0131s\u0131 ise 90-130 derecelerdedir.<br \/>\nPolyesterler(Pes); Polyamidlere oranla daha y\u00fcksek erime 115-145 derece aras\u0131nda de\u011fi\u015fen yap\u0131\u015fma \u0131s\u0131s\u0131na sahiptirler Kuru temizleme direnci ise d\u00fc\u015f\u00fck olmas\u0131na ra\u011fmen, kuvvetlice kuma\u015fa tutunur. Polyester i\u00e7eren kuma\u015flarda daha rahat uyum sa\u011flar.<br \/>\nPolyetilenler(Pe);<br \/>\nA-Y\u00fcksek Yo\u011funluklu (Hdpe); 125-132 DERECE ERME 160-190 DERECE aras\u0131nda de\u011fi\u015fen yap\u0131\u015fma \u0131s\u0131s\u0131na sahiptir. Bu y\u00fczden mutlaka tela presi ile yap\u0131\u015ft\u0131r\u0131lmal\u0131d\u0131rlar.<br \/>\nB-D\u00fc\u015f\u00fck Yo\u011funluk(Ldpe); 100-120 derecede erime 160-190 derece aras\u0131nda de\u011fi\u015fen yap\u0131\u015fma \u0131s\u0131s\u0131na sahiptirler. Y\u00fcksek yo\u011funluklu polietilene g\u00f6re daha yumu\u015fak, daha \u00e7abuk yap\u0131\u015fan, daha az bas\u0131n\u00e7 gerektiren fakat y\u0131kama direnci 30-40 derece olan kuru temizleme ortam\u0131nda \u00e7\u00f6z\u00fcnen bir yap\u0131\u015fkand\u0131r.<br \/>\n<\/span><\/h6>\n<h6 style=\"text-align: justify;\"><span style=\"color: #595959;\">\u00a0<\/span><\/h6>\n<h6 style=\"text-align: justify;\"><span style=\"color: #595959;\">KULLANILAN MALZEMELERE G\u00d6RE TELA SINIFLANDIRMASI<br \/>\nB\u0130TK\u0130SEL K\u00d6KENL\u0130 TELALAR;<br \/>\nAmerikan; Pamuktan yap\u0131lm\u0131\u015f beyazlat\u0131lmam\u0131\u015f bir kuma\u015ft\u0131r. S\u0131k ve seyrek dokunmu\u015f olanlar vard\u0131r. \u0130nce kuma\u015flarda tela olarak kullan\u0131l\u0131r.<br \/>\nPat\u0131ska; Amerikan\u2019dan daha s\u0131k dokunmu\u015f apreli ve beyaz bir kuma\u015ft\u0131r. Amerikan gibi, y\u0131kand\u0131ktan sonra ince kuma\u015flarda tela olarak kullan\u0131l\u0131r.<br \/>\nMermer\u015fahi; \u0130nce ve seyrek dokunu\u015flu olan bu kuma\u015f, y\u0131kand\u0131ktan sonra ine kuma\u015flarda tela olarak kullan\u0131l\u0131r.<br \/>\nDog; s\u0131k dokunmu\u015f beyaz ve sert bir tela cinsidir.<br \/>\nYap\u0131\u015fkan Bez Tela; Mermer\u015fahi veya seyrek dokunmu\u015f Amerikan\u2019\u0131n bir y\u00fcz\u00fcn\u00fcn yap\u0131\u015fkan madde ile kaplanmas\u0131ndan elde edilir. Yap\u0131\u015fkan y\u00fcz\u00fc kuma\u015fa gelecek \u015fekilde yerle\u015ftirildikten sonra, nemli \u00fct\u00fc bezi ile \u00fct\u00fclendi\u011finde, tela kuma\u015fa yap\u0131\u015f\u0131r.<br \/>\nM\u00fcflon; \u0130ki y\u00fcz havl\u0131 olan bir kuma\u015ft\u0131r. Daha \u00e7ok k\u00fcrk dubleleme de kullan\u0131l\u0131r.<br \/>\nTahta Pamuk; Piyasada tabaka halinde, metre ile sat\u0131lan taht pamuk, k\u00fcrk dublelemede, apolet ve kapitone yapmada kullan\u0131l\u0131r. Pamu\u011fun s\u0131k\u0131\u015ft\u0131r\u0131larak vatka haline getirilmesi ile elde edilir.<br \/>\nKeten Tela; Keten liflerinden elde edilen bu telan\u0131n \u00e7e\u015fitleri vard\u0131r yumu\u015fak olan\u0131 apresiz, sert olan\u0131 apreli keten telad\u0131r. Y\u0131kand\u0131ktan sonra kullan\u0131lmal\u0131d\u0131r.<br \/>\nK\u00e2\u011f\u0131t Tela; D\u00f6k\u00fcnt\u00fc keten ve pamuk liflerinin, silisli ve kau\u00e7uklu bir apre maddesi ile ke\u00e7ele\u015ftirilmesinden elde edilmi\u015f olup \u00e7ift katl\u0131d\u0131r. Bir y\u00fcz\u00fc parlat\u0131lm\u0131\u015f olan ke\u00e7enin, t\u00fcyl\u00fc iki y\u00fcz\u00fc birbirine kapat\u0131larak birlikte preslenir. Y\u0131kand\u0131\u011f\u0131 zaman bile dayan\u0131kl\u0131l\u0131\u011f\u0131n\u0131 kaybetmeyen bu ke\u00e7enin i\u00e7indeki apre maddesinin iki parlak y\u00fczey aras\u0131nda kal\u0131\u015f\u0131, aprenin kolay kolay bozulmamas\u0131n\u0131 sa\u011flar.<br \/>\n<\/span><\/h6>\n<h6 style=\"text-align: justify;\"><span style=\"color: #595959;\">\u00a0<\/span><\/h6>\n<h6 style=\"text-align: justify;\"><span style=\"color: #595959;\">HAYVANSAL K\u00d6KENL\u0130 TELALAR<br \/>\nY\u00fcn Tela; \u0130yi bir tela cinsidir. Bu telalar en ve boy iplikleri y\u00fczden oldu\u011fu gibi, en iplikleri y\u00fcn, boy iplikleri pamuk olarak ta dokunur. Y\u00fcn telan\u0131n rengi, do\u011fal y\u00fcn rengidir.<br \/>\nY\u00fcn\u00fcn ham maddesi pahal\u0131 oldu\u011fundan, di\u011fer telalardan daha pahal\u0131d\u0131r. Kullan\u0131lmadan \u00f6nce bir s\u00fcre \u0131l\u0131k suda bekletip, iyice kurumadan boy iplik y\u00f6n\u00fcnde kuruyana kadar \u00fct\u00fclenmelidir.<br \/>\nK\u0131l Tela; Boy iplikleri pamuk, en iplikleri k\u0131ldan dokunur.<br \/>\nY\u00fcn K\u0131l Tela; En iplikleri y\u00fcn, boy iplikleri k\u0131l olan telad\u0131r.<br \/>\n\u0130pek Tela; \u0130nce ve ipekli kuma\u015flarda tela olarak, ipek, organze, tafta vb. gibi ipekli kuma\u015flar da kullan\u0131l\u0131r.<br \/>\n<\/span><\/h6>\n<h6 style=\"text-align: justify;\"><span style=\"color: #595959;\">\u00a0<\/span><\/h6>\n<h6 style=\"text-align: justify;\"><span style=\"color: #595959;\">YAPAY TELALAR<br \/>\nNaylon Organze Ve Tafta; Yapay kuma\u015flar ile birlikte kullan\u0131l\u0131r. Yapay Yap\u0131\u015fkan Tela; Suni ipek liflerinin d\u00f6k\u00fcnt\u00fclerinin, sentetik bir re\u00e7ine ile ke\u00e7ele\u015ftirilmesinden elde edilmi\u015ftir. Bunlar\u0131n bir y\u00fcz\u00fcne zamk s\u00fcr\u00fclerek yap\u0131\u015fmas\u0131 sa\u011flan\u0131r. Is\u0131t\u0131l\u0131nca dayan\u0131kl\u0131l\u0131\u011f\u0131 azalmaktad\u0131r. Bir y\u00fcz\u00fc d\u00fczg\u00fcn, di\u011fer y\u00fcz\u00fc p\u00fcr\u00fczl\u00fcd\u00fcr. P\u00fcr\u00fczl\u00fc olan y\u00fcz\u00fc kuma\u015f \u00fczerine uygulan\u0131p, \u00fczerinden k\u0131zg\u0131n \u00fct\u00fc ile \u00fct\u00fclendi\u011finde kuma\u015fa yap\u0131\u015f\u0131r.<br \/>\nFibrocam (Cam Elyaf); \u0130nce cam liflerinin yap\u0131\u015ft\u0131r\u0131c\u0131 bir madde ile preslenmesinden elde edilir. Islat\u0131ld\u0131\u011f\u0131 zaman yap\u0131\u015ft\u0131r\u0131c\u0131 suda eriyip, lifler da\u011f\u0131ld\u0131\u011f\u0131 i\u00e7in, y\u0131kanmayacak k\u0131s\u0131mlarda kullan\u0131l\u0131r. Kuru temizlemeye kar\u015f\u0131 dayan\u0131kl\u0131d\u0131r.<\/span><\/h6>\n<h6 style=\"text-align: justify;\"><span style=\"color: #595959;\">\u00a0<\/span><\/h6>\n<h6 style=\"text-align: justify;\"><span style=\"color: #595959;\">Latex, Bondex foam, felt, fiber, sandwich mesh, pillow, mattress materials from Turkey with wholesale, producer, distributor.<\/span><\/h6>\n<p>[\/pl_text]<br \/>\n[\/pl_inner_col]<br \/>\n[\/pl_inner_row]<br \/>\n[\/pl_col]<br \/>\n[\/pl_row]<br \/>\n[pl_row pagelayer-id=&#8221;M5uDAbrNTeiOe2SG&#8221;  stretch=&#8221;auto&#8221; col_gap=&#8221;10&#8243; width_content=&#8221;auto&#8221; row_height=&#8221;default&#8221; overlay_hover_delay=&#8221;400&#8243; row_shape_top_color=&#8221;#227bc3&#8243; row_shape_top_width=&#8221;100&#8243; row_shape_top_height=&#8221;100&#8243; row_shape_bottom_color=&#8221;#e44993&#8243; row_shape_bottom_width=&#8221;100&#8243; row_shape_bottom_height=&#8221;100&#8243;][pl_col pagelayer-id=&#8221;AhIrwnANkpJPFux4&#8243;  overlay_hover_delay=&#8221;400&#8243; col=&#8221;6&#8243;][pl_wp_tag_cloud pagelayer-id=&#8221;WVU7xsdFlVq5RhNG&#8221; ]{&#8220;title&#8221;:&#8221;&#8221;,&#8221;taxonomy&#8221;:&#8221;category&#8221;}[\/pl_wp_tag_cloud]<br \/>\n[pl_wp_tag_cloud pagelayer-id=&#8221;hCmegFW3uvC2BJz5&#8243; ]{&#8220;title&#8221;:&#8221;&#8221;,&#8221;taxonomy&#8221;:&#8221;category&#8221;}[\/pl_wp_tag_cloud]<br \/>\n[pl_wp_tag_cloud pagelayer-id=&#8221;BMaPzCcrz6aLWeHI&#8221; ]{&#8220;title&#8221;:&#8221;&#8221;,&#8221;taxonomy&#8221;:&#8221;category&#8221;}[\/pl_wp_tag_cloud]<br \/>\n[\/pl_col]<br \/>\n[pl_col pagelayer-id=&#8221;S7uwSysN4E8p1BnY&#8221;  overlay_hover_delay=&#8221;400&#8243; col=&#8221;6&#8243;][pl_wp_tag_cloud pagelayer-id=&#8221;F9Hy3ll63Dvdj99e&#8221; ]{&#8220;title&#8221;:&#8221;&#8221;,&#8221;taxonomy&#8221;:&#8221;category&#8221;}[\/pl_wp_tag_cloud]<br \/>\n[pl_wp_tag_cloud pagelayer-id=&#8221;FXt8G12prYqkBv9O&#8221; ]{&#8220;title&#8221;:&#8221;&#8221;,&#8221;taxonomy&#8221;:&#8221;category&#8221;}[\/pl_wp_tag_cloud]<br \/>\n[pl_wp_tag_cloud pagelayer-id=&#8221;JAiAeLASuGunJyVh&#8221; ]{&#8220;title&#8221;:&#8221;&#8221;,&#8221;taxonomy&#8221;:&#8221;category&#8221;}[\/pl_wp_tag_cloud]<br \/>\n[\/pl_col]<br \/>\n[\/pl_row]<br \/>\n[pl_row pagelayer-id=&#8221;DPgfADIrOMXIPfWw&#8221;  stretch=&#8221;auto&#8221; col_gap=&#8221;10&#8243; width_content=&#8221;auto&#8221; row_height=&#8221;default&#8221; overlay_hover_delay=&#8221;400&#8243; row_shape_top_color=&#8221;#227bc3&#8243; row_shape_top_width=&#8221;100&#8243; row_shape_top_height=&#8221;100&#8243; row_shape_bottom_color=&#8221;#e44993&#8243; row_shape_bottom_width=&#8221;100&#8243; row_shape_bottom_height=&#8221;100&#8243;][pl_col pagelayer-id=&#8221;vC7ilyuy0ObGzo8h&#8221;  overlay_hover_delay=&#8221;400&#8243;][pl_btn pagelayer-id=&#8221;I3TCZukjguC4cl0I&#8221;  text=&#8221;Daha Fazlas\u0131&#8221; align=&#8221;left&#8221; type=&#8221;pagelayer-btn-default&#8221; size=&#8221;pagelayer-btn-large&#8221; btn_hover_delay=&#8221;400&#8243; icon_position=&#8221;pagelayer-btn-icon-right&#8221; icon_spacing=&#8221;20&#8243; link=&#8221;https:\/\/www.baycanmalzeme.com\/?page_id=213&#8243; target=&#8221;true&#8221; btn_shadow=&#8221;7,5,3,#9cacb0ff,1,&#8221; btn_shadow_hover=&#8221;3,3,3,#bbaea3ff,0,&#8221; full_width=&#8221;true&#8221;][\/pl_btn]<br \/>\n[\/pl_col]<br \/>\n[\/pl_row]<\/p>\n","protected":false},"excerpt":{"rendered":"<p>[pl_row pagelayer-id=&#8221;35ev7iorac25caoo&#8221; ][pl_col pagelayer-id=&#8221;jj8gdoe52c6mz255&#8243; col=&#8221;12&#8243;][pl_text pagelayer-id=&#8221;zk6c1vy8bq2rtj54&#8243; ] [\/pl_text] [\/pl_col] [\/pl_row] [pl_row pagelayer-id=&#8221;Dmeeuzs3u9tnkzNu&#8221; stretch=&#8221;auto&#8221; col_gap=&#8221;10&#8243; width_content=&#8221;auto&#8221; row_height=&#8221;default&#8221; overlay_hover_delay=&#8221;400&#8243; row_shape_top_color=&#8221;#227bc3&#8243; row_shape_top_width=&#8221;100&#8243; row_shape_top_height=&#8221;100&#8243; row_shape_bottom_color=&#8221;#e44993&#8243; row_shape_bottom_width=&#8221;100&#8243; row_shape_bottom_height=&#8221;100&#8243;][pl_col pagelayer-id=&#8221;tFRaxAyAvxfT17Jc&#8221; overlay_hover_delay=&#8221;400&#8243;][pl_heading pagelayer-id=&#8221;3IzzpFYuAiRb3F29&#8243; heading_state=&#8221;normal&#8221; align=&#8221;center&#8221; heading_typo=&#8221;Cabin,32,,,,,Solid,,,,&#8221; color=&#8221;#757379ff&#8221;] TELA [\/pl_heading] [\/pl_col] [\/pl_row] [pl_row pagelayer-id=&#8221;wN6gFmFHk5CKdOqU&#8221; stretch=&#8221;auto&#8221; col_gap=&#8221;10&#8243; width_content=&#8221;auto&#8221; row_height=&#8221;default&#8221; overlay_hover_delay=&#8221;400&#8243; row_shape_top_color=&#8221;#227bc3&#8243; row_shape_top_width=&#8221;100&#8243; row_shape_top_height=&#8221;100&#8243; row_shape_bottom_color=&#8221;#e44993&#8243; row_shape_bottom_width=&#8221;100&#8243; row_shape_bottom_height=&#8221;100&#8243;][pl_col pagelayer-id=&#8221;4Jl7fyrgRtGBwUg7&#8243; overlay_hover_delay=&#8221;400&#8243;][pl_inner_row pagelayer-id=&#8221;KqqhgYiRogbh5j9d&#8221; stretch=&#8221;auto&#8221; col_gap=&#8221;10&#8243; width_content=&#8221;auto&#8221; row_height=&#8221;default&#8221; overlay_hover_delay=&#8221;400&#8243; [&hellip;]<\/p>\n","protected":false},"author":1,"featured_media":0,"parent":0,"menu_order":0,"comment_status":"closed","ping_status":"closed","template":"","meta":{"_monsterinsights_skip_tracking":false,"_monsterinsights_sitenote_active":false,"_monsterinsights_sitenote_note":"","_monsterinsights_sitenote_category":0},"yoast_head":"<!-- This site is optimized with the Yoast SEO plugin v15.1.1 - https:\/\/yoast.com\/wordpress\/plugins\/seo\/ -->\n<title>Mattress bed raw materials from Turkey - latex, bondex foam, interlining, felt, fiber, sandwich mesh, pillow &#8902; Baycan Malzeme<\/title>\n<meta name=\"description\" content=\"Tela elyaf ke\u00e7e latex lateks yatak \u00fcretim malzemeleri hammaddeleri kanepe koltuk ayaklar\u0131 dolap \u00e7ekmece kulplar\u0131 kayseri en uygun en ucuz en iyi tedarik\u00e7i malzemeci\" \/>\n<meta name=\"robots\" content=\"index, follow, max-snippet:-1, max-image-preview:large, max-video-preview:-1\" \/>\n<link rel=\"canonical\" href=\"https:\/\/www.baycanmalzeme.com\/?page_id=902\" \/>\n<meta property=\"og:locale\" content=\"tr_TR\" \/>\n<meta property=\"og:type\" content=\"article\" \/>\n<meta property=\"og:title\" content=\"Mattress bed raw materials from Turkey - latex, bondex foam, interlining, felt, fiber, sandwich mesh, pillow &#8902; Baycan Malzeme\" \/>\n<meta property=\"og:description\" content=\"Tela elyaf ke\u00e7e latex lateks yatak \u00fcretim malzemeleri hammaddeleri kanepe koltuk ayaklar\u0131 dolap \u00e7ekmece kulplar\u0131 kayseri en uygun en ucuz en iyi tedarik\u00e7i malzemeci\" \/>\n<meta property=\"og:url\" content=\"https:\/\/www.baycanmalzeme.com\/?page_id=902\" \/>\n<meta property=\"og:site_name\" content=\"Baycan Malzeme\" \/>\n<meta property=\"article:publisher\" content=\"https:\/\/www.facebook.com\/baycanmalzeme\" \/>\n<meta property=\"article:modified_time\" content=\"2021-07-08T09:12:00+00:00\" \/>\n<meta name=\"twitter:card\" content=\"summary_large_image\" \/>\n<script type=\"application\/ld+json\" class=\"yoast-schema-graph\">{\"@context\":\"https:\/\/schema.org\",\"@graph\":[{\"@type\":\"Organization\",\"@id\":\"https:\/\/www.baycanmalzeme.com\/#organization\",\"name\":\"Baycan Malzemecilik Tekstil Mobilya San. Tic. Ltd. \\u015eTi.\",\"url\":\"https:\/\/www.baycanmalzeme.com\/\",\"sameAs\":[\"https:\/\/www.facebook.com\/baycanmalzeme\",\"https:\/\/www.instagram.com\/baycan_malzeme\",\"https:\/\/www.google.com\/url?sa=t&amp;amp;amp;amp;amp;rct=j&amp;amp;amp;amp;amp;q&amp;amp;amp;amp;amp;esrc=s&amp;amp;amp;amp;amp;source=web&amp;amp;amp;amp;amp;cd&amp;amp;amp;amp;amp;cad=rja&amp;amp;amp;amp;amp;uact=8&amp;amp;amp;amp;amp;ved=2ahUKEwiTmtXZ5oDyAhXRgP0HHc3OAiYQFjAAegQIBBAD&amp;amp;amp;amp;amp;url=https:\/\/tr.linkedin.com\/in\/baycan-malzeme-21baa31b9&amp;amp;amp;amp;amp;usg=AOvVaw2bQM81Uv5MVOVF1ddNg6T_\"],\"logo\":{\"@type\":\"ImageObject\",\"@id\":\"https:\/\/www.baycanmalzeme.com\/#logo\",\"inLanguage\":\"tr\",\"url\":\"https:\/\/www.baycanmalzeme.com\/wp-content\/uploads\/2020\/10\/Adsiz.png\",\"width\":274,\"height\":88,\"caption\":\"Baycan Malzemecilik Tekstil Mobilya San. Tic. Ltd. \\u015eTi.\"},\"image\":{\"@id\":\"https:\/\/www.baycanmalzeme.com\/#logo\"}},{\"@type\":\"WebSite\",\"@id\":\"https:\/\/www.baycanmalzeme.com\/#website\",\"url\":\"https:\/\/www.baycanmalzeme.com\/\",\"name\":\"Baycan Malzeme\",\"description\":\"Tekstil Mobilya San.Tic. Ltd. \\u015eti.\",\"publisher\":{\"@id\":\"https:\/\/www.baycanmalzeme.com\/#organization\"},\"potentialAction\":[{\"@type\":\"SearchAction\",\"target\":\"https:\/\/www.baycanmalzeme.com\/?s={search_term_string}\",\"query-input\":\"required name=search_term_string\"}],\"inLanguage\":\"tr\"},{\"@type\":\"WebPage\",\"@id\":\"https:\/\/www.baycanmalzeme.com\/?page_id=902#webpage\",\"url\":\"https:\/\/www.baycanmalzeme.com\/?page_id=902\",\"name\":\"Mattress bed raw materials from Turkey - latex, bondex foam, interlining, felt, fiber, sandwich mesh, pillow &#8902; Baycan Malzeme\",\"isPartOf\":{\"@id\":\"https:\/\/www.baycanmalzeme.com\/#website\"},\"datePublished\":\"2020-10-12T10:55:10+00:00\",\"dateModified\":\"2021-07-08T09:12:00+00:00\",\"description\":\"Tela elyaf ke\\u00e7e latex lateks yatak \\u00fcretim malzemeleri hammaddeleri kanepe koltuk ayaklar\\u0131 dolap \\u00e7ekmece kulplar\\u0131 kayseri en uygun en ucuz en iyi tedarik\\u00e7i malzemeci\",\"inLanguage\":\"tr\",\"potentialAction\":[{\"@type\":\"ReadAction\",\"target\":[\"https:\/\/www.baycanmalzeme.com\/?page_id=902\"]}]}]}<\/script>\n<!-- \/ Yoast SEO plugin. -->","_links":{"self":[{"href":"https:\/\/www.baycanmalzeme.com\/index.php?rest_route=\/wp\/v2\/pages\/902"}],"collection":[{"href":"https:\/\/www.baycanmalzeme.com\/index.php?rest_route=\/wp\/v2\/pages"}],"about":[{"href":"https:\/\/www.baycanmalzeme.com\/index.php?rest_route=\/wp\/v2\/types\/page"}],"author":[{"embeddable":true,"href":"https:\/\/www.baycanmalzeme.com\/index.php?rest_route=\/wp\/v2\/users\/1"}],"replies":[{"embeddable":true,"href":"https:\/\/www.baycanmalzeme.com\/index.php?rest_route=%2Fwp%2Fv2%2Fcomments&post=902"}],"version-history":[{"count":2,"href":"https:\/\/www.baycanmalzeme.com\/index.php?rest_route=\/wp\/v2\/pages\/902\/revisions"}],"predecessor-version":[{"id":915,"href":"https:\/\/www.baycanmalzeme.com\/index.php?rest_route=\/wp\/v2\/pages\/902\/revisions\/915"}],"wp:attachment":[{"href":"https:\/\/www.baycanmalzeme.com\/index.php?rest_route=%2Fwp%2Fv2%2Fmedia&parent=902"}],"curies":[{"name":"wp","href":"https:\/\/api.w.org\/{rel}","templated":true}]}}