{"id":867,"date":"2020-10-08T11:48:14","date_gmt":"2020-10-08T11:48:14","guid":{"rendered":"https:\/\/www.baycanmalzeme.com\/?page_id=867"},"modified":"2021-06-18T12:51:56","modified_gmt":"2021-06-18T12:51:56","slug":"contact-2","status":"publish","type":"page","link":"https:\/\/www.baycanmalzeme.com\/?page_id=867","title":{"rendered":"S\u0131k Sorulan Sorular"},"content":{"rendered":"<p>[pl_row pagelayer-id=&#8221;XausjCIuwtb2GQO5&#8243;  stretch=&#8221;auto&#8221; col_gap=&#8221;0&#8243; width_content=&#8221;auto&#8221; row_height=&#8221;custom&#8221; overlay_hover_delay=&#8221;400&#8243; row_shape_top_color=&#8221;#227bc3&#8243; row_shape_top_width=&#8221;100&#8243; row_shape_top_height=&#8221;100&#8243; row_shape_bottom_color=&#8221;#e44993&#8243; row_shape_bottom_width=&#8221;100&#8243; row_shape_bottom_height=&#8221;100&#8243; ele_padding=&#8221;90px,0px,130px,0px&#8221; ele_bg_type=&#8221;image&#8221; ele_bg_img=&#8221;https:\/\/www.baycanmalzeme.com\/wp-content\/themes\/popularfx\/templates\/peach\/images\/banner.jpg&#8221; ele_bg_attachment=&#8221;fixed&#8221; ele_bg_posx=&#8221;center&#8221; ele_bg_posy=&#8221;center&#8221; ele_bg_repeat=&#8221;no-repeat&#8221; ele_bg_size=&#8221;cover&#8221; ele_padding_mobile=&#8221;80px,0px,100px,0px&#8221; overlay_transperancy=&#8221;1&#8243; overlay_bg_posy=&#8221;center&#8221; overlay_bg_posx=&#8221;center&#8221; fixed_width=&#8221;500px&#8221; min_height=&#8221;0px&#8221; content_pos=&#8221;flex-start&#8221; parallax_img=&#8221;794&#8243; overlay_type=&#8221;image&#8221; overlay_img=&#8221;794&#8243; overlay_bg_size=&#8221;cover&#8221; overlay_img_attachment=&#8221;fixed&#8221;][pl_col pagelayer-id=&#8221;ERPZKsgl5cMieVsW&#8221;  widget_space=&#8221;15&#8243; overlay_hover_delay=&#8221;400&#8243; ele_bg_type=&#8221;&#8221; ele_bg_attachment=&#8221;fixed&#8221; ele_bg_posx=&#8221;center&#8221; ele_bg_posy=&#8221;center&#8221; ele_bg_repeat=&#8221;no-repeat&#8221; ele_bg_size=&#8221;cover&#8221; ele_bg_img=&#8221;http:\/\/sitepad.local\/site-data\/plugins\/pagelayer-pro\/images\/default-image.png&#8221;][pl_heading pagelayer-id=&#8221;OpPyiQACYj4UWX7h&#8221;  heading_state=&#8221;normal&#8221; color=&#8221;#ebfbffff&#8221; align=&#8221;center&#8221; heading_typo=&#8221;Cabin,40,Normal,700,,,Solid,4,,0.2,&#8221; animation=&#8221;fadeInUp&#8221; animation_delay=&#8221;600&#8243; animation_speed=&#8221;slowest&#8221; heading_typo_mobile=&#8221;,22,,,,,Solid,,,,&#8221; heading_typo_tablet=&#8221;,28,,,,,Solid,,,,&#8221; font_family=&#8221;Cabin&#8221; heading_text_shadow=&#8221;-4,5,5,#aadae8ff&#8221;]<\/p>\n<p>Baycan Malzemecilik Tekstil Mobilya San. Tic. Ltd. \u015eti.[\/pl_heading]<br \/>\n[\/pl_col]<br \/>\n[\/pl_row]<br \/>\n[pl_row pagelayer-id=&#8221;BdMAxM0egQ74qLnh&#8221;  stretch=&#8221;auto&#8221; col_gap=&#8221;10&#8243; width_content=&#8221;auto&#8221; row_height=&#8221;default&#8221; overlay_hover_delay=&#8221;400&#8243; row_shape_top_color=&#8221;#227bc3&#8243; row_shape_top_width=&#8221;100&#8243; row_shape_top_height=&#8221;185&#8243; row_shape_bottom_color=&#8221;#e44993&#8243; row_shape_bottom_width=&#8221;100&#8243; row_shape_bottom_height=&#8221;100&#8243; ele_padding=&#8221;80px,0px,80px,0px&#8221; ele_padding_mobile=&#8221;50px,0px,50px,0px&#8221; ele_padding_tablet=&#8221;50px,0px,50px,0px&#8221; overlay_transperancy=&#8221;0.5&#8243; overlay_gradient=&#8221;150,#44d3f6,23,#72e584,45,#2ca4eb,100&#8243; row_shape_position=&#8221;top&#8221; row_shape_type_top=&#8221;bigTriangleShadow&#8221;][pl_col pagelayer-id=&#8221;PdwBGTb8t3207tUG&#8221;  widget_space=&#8221;15&#8243; overlay_hover_delay=&#8221;400&#8243; ele_padding=&#8221;0px,15px,0px,15px&#8221; animation=&#8221;fadeInRight&#8221; animation_delay=&#8221;700&#8243; animation_speed=&#8221;slowest&#8221; col_width_mobile=&#8221;100&#8243; ele_padding_mobile=&#8221;0px,0px,15px,0px&#8221; col_width=&#8221;33&#8243;][pl_accordion pagelayer-id=&#8221;Ii2fOnJ011oxitao&#8221;  icon=&#8221;fas fa-plus&#8221; active_icon=&#8221;fas fa-minus&#8221; icon_align=&#8221;left&#8221; icon_padding=&#8221;10&#8243; tabs_color=&#8221;#444444&#8243; tabs_bg_color=&#8221;#e4fbfaff&#8221; tabs_active_color=&#8221;#ffffffff&#8221; tabs_active_bg_color=&#8221;#0986c0&#8243; tab_padding=&#8221;28&#8243; tabs_content_bg_color=&#8221;#ffffffff&#8221; acc_space=&#8221;5&#8243; acc_border_color=&#8221;#cccccc&#8221; acc_border_width=&#8221;1,1,1,1&#8243;][pl_accordion_item pagelayer-id=&#8221;5NeAKOYgpKmro8a7&#8243;  title=&#8221;Yatak hangi maddeden yap\u0131l\u0131r?&#8221; scroll_id=&#8221;0&#8243;]<\/p>\n<p>Yatak yay ve s\u00fcnger ba\u015fta olmak \u00fczere ke\u00e7e ve kapitoneli kuma\u015flar\u0131n \u00e7e\u015fitli kombinasyon ve ebatlarda birle\u015ftirilmesiyle imal edilir. Visco, Latex ve baz\u0131 hayvan k\u0131llar\u0131 kullan\u0131larak de\u011fi\u015fik \u00f6zelliklerde yatak elde etmek m\u00fcmk\u00fcnd\u00fcr. G\u00fcn\u00fcm\u00fczde yataklar\u0131n ortopedik, terletmeyen, elektriklendirmeyen son teknolojik \u00fcretimlerinin olmas\u0131, bel ve boyun f\u0131t\u0131klar\u0131 ve a\u011fr\u0131lar\u0131n\u0131n giderilmesi ve daha kaliteli insan hayat\u0131 i\u00e7in son derece \u00f6nemli bir durum haline gelmi\u015ftir.<\/p>\n<p>[\/pl_accordion_item]<br \/>\n[pl_accordion_item pagelayer-id=&#8221;xSuNW6xK4H94aQr7&#8243;  title=&#8221;Yatak \u00fcretimi nas\u0131l yap\u0131l\u0131r?&#8221; scroll_id=&#8221;1&#8243;]<\/p>\n<p style=\"text-align: justify;\">Yatak \u00fcretimi kapal\u0131 tesis i\u00e7erisinde \u00e7e\u015fitli \u015fekillerde yap\u0131labilir. Yatak \u00fcreticisi d\u0131\u015fardan tedarik etti\u011fi haz\u0131r malzemeyi sadece yatak kenar kapama makinas\u0131 kullanarak yatak imalat\u0131 yapabilece\u011fi gibi kapitone, yay gibi baz\u0131 hammadde \u00fcretim malzemelerini ayr\u0131 makinalarda \u00fcreterek daha entegre bir \u00fcretim sistemi de kurabilir. Malzemecilik alan\u0131n\u0131n g\u00fcn\u00fcm\u00fczde ayr\u0131 bir sekt\u00f6r haline gelmesi \u00fcreticileri haz\u0131r malzeme tedariki konusuna te\u015fvik etmi\u015ftir. \u00dcretici b\u00f6ylece maliyetini net bir \u015fekilde kontrol edebilmekte gereksiz makine,te\u00e7hizat ve i\u015f\u00e7ilik masraflar\u0131 ile yorulmamaktad\u0131r. Yatak \u00fcretiminde ke\u00e7e aras\u0131 yay kombinasyunu s\u00fcnger veya lateksle desteklenerek \u00fczeri kapitone kuma\u015fla kaplanarak de\u011fi\u015fik \u00f6zelliklerde yatak elde edilebilir.<\/p>\n<p><img src=\"https:\/\/www.baycanmalzeme.com\/wp-content\/uploads\/2021\/06\/Baycan_Malzeme.jpg\" alt=\"\" pl-media-id=\"871\"><span style=\"line-height: 1;\"><\/span><br \/>[\/pl_accordion_item]<br \/>\n[pl_accordion_item pagelayer-id=&#8221;iWx03e1KuV19sf0P&#8221;  title=&#8221;Yatak \u00fcretim maliyeti ?&#8221; scroll_id=&#8221;2&#8243;]<\/p>\n<p style=\"text-align: justify;\">Ortalama bir yatak \u00fcretim maliyeti 90*190 tek ki\u015filik 15 Usd&#8217;den ba\u015flayarak 250 Usd&#8217;ye kadar \u00e7\u0131kabilir. Bu durum \u00e7al\u0131\u015ft\u0131r\u0131lan i\u015f\u00e7ilerin niteli\u011fi-\u00fccreti, fabrikan\u0131n ve tesisin \u00f6zelli\u011fi-maliyeti ve kullan\u0131lan hammaddelerin fiyatlar\u0131na ba\u011fl\u0131d\u0131r.<\/p>\n<p>[\/pl_accordion_item]<br \/>\n[pl_accordion_item pagelayer-id=&#8221;O33fGLsbN5Lz65u2&#8243;  title=&#8221;Yatak imalat\u0131 i\u00e7in gerekli makineler&#8221; scroll_id=&#8221;3&#8243;]<\/p>\n<ul>\n<li><span style=\"color: rgb(127, 127, 127);\">Otomatik Yatak Kenar Kapama Makinas\u0131<\/span><\/li>\n<\/ul>\n<p><span style=\"color: rgb(127, 127, 127);\"><br \/><\/span><\/p>\n<ul>\n<li><span style=\"color: rgb(127, 127, 127);\">Yatak Kapitone Makinalar\u0131<br \/><\/span><\/li>\n<\/ul>\n<p><span style=\"color: rgb(127, 127, 127);\"><br \/><\/span><\/p>\n<ul>\n<li><span style=\"color: rgb(127, 127, 127);\">Otomatik Yatak Ambalaj Makinas\u0131<\/span><\/li>\n<\/ul>\n<p><span style=\"color: rgb(127, 127, 127);\"><br \/><\/span><\/p>\n<ul>\n<li><span style=\"color: rgb(127, 127, 127);\">Yatak Rulo Paketleme Makinas\u0131<\/span><\/li>\n<\/ul>\n<p><span style=\"color: rgb(127, 127, 127);\"><br \/><\/span><\/p>\n<ul>\n<li><span style=\"color: rgb(127, 127, 127);\">Otomatik Yatak K\u0131l\u0131f Giydirme Makinas\u0131<\/span><\/li>\n<\/ul>\n<p><span style=\"color: rgb(127, 127, 127);\"><br \/><\/span><\/p>\n<ul>\n<li><span style=\"color: rgb(127, 127, 127);\">Yatak Kesim ve Yan Bord\u00fcr Makinalar\u0131 <br \/><\/span><\/li>\n<\/ul>\n<p><span style=\"color: rgb(127, 127, 127);\"><br \/><\/span><\/p>\n<ul>\n<li><span style=\"color: rgb(127, 127, 127);\">Yatak \u00dcretim Hatlar\u0131<\/span><\/li>\n<\/ul>\n<p>[\/pl_accordion_item]<br \/>\n[\/pl_accordion]<br \/>\n[\/pl_col]<br \/>\n[\/pl_row]<\/p>\n","protected":false},"excerpt":{"rendered":"<p>[pl_row pagelayer-id=&#8221;XausjCIuwtb2GQO5&#8243; stretch=&#8221;auto&#8221; col_gap=&#8221;0&#8243; width_content=&#8221;auto&#8221; row_height=&#8221;custom&#8221; overlay_hover_delay=&#8221;400&#8243; row_shape_top_color=&#8221;#227bc3&#8243; row_shape_top_width=&#8221;100&#8243; row_shape_top_height=&#8221;100&#8243; row_shape_bottom_color=&#8221;#e44993&#8243; row_shape_bottom_width=&#8221;100&#8243; row_shape_bottom_height=&#8221;100&#8243; ele_padding=&#8221;90px,0px,130px,0px&#8221; ele_bg_type=&#8221;image&#8221; ele_bg_img=&#8221;https:\/\/www.baycanmalzeme.com\/wp-content\/themes\/popularfx\/templates\/peach\/images\/banner.jpg&#8221; ele_bg_attachment=&#8221;fixed&#8221; ele_bg_posx=&#8221;center&#8221; ele_bg_posy=&#8221;center&#8221; ele_bg_repeat=&#8221;no-repeat&#8221; ele_bg_size=&#8221;cover&#8221; ele_padding_mobile=&#8221;80px,0px,100px,0px&#8221; overlay_transperancy=&#8221;1&#8243; overlay_bg_posy=&#8221;center&#8221; overlay_bg_posx=&#8221;center&#8221; fixed_width=&#8221;500px&#8221; min_height=&#8221;0px&#8221; content_pos=&#8221;flex-start&#8221; parallax_img=&#8221;794&#8243; overlay_type=&#8221;image&#8221; overlay_img=&#8221;794&#8243; overlay_bg_size=&#8221;cover&#8221; overlay_img_attachment=&#8221;fixed&#8221;][pl_col pagelayer-id=&#8221;ERPZKsgl5cMieVsW&#8221; widget_space=&#8221;15&#8243; overlay_hover_delay=&#8221;400&#8243; ele_bg_type=&#8221;&#8221; ele_bg_attachment=&#8221;fixed&#8221; ele_bg_posx=&#8221;center&#8221; ele_bg_posy=&#8221;center&#8221; ele_bg_repeat=&#8221;no-repeat&#8221; ele_bg_size=&#8221;cover&#8221; ele_bg_img=&#8221;http:\/\/sitepad.local\/site-data\/plugins\/pagelayer-pro\/images\/default-image.png&#8221;][pl_heading pagelayer-id=&#8221;OpPyiQACYj4UWX7h&#8221; heading_state=&#8221;normal&#8221; color=&#8221;#ebfbffff&#8221; align=&#8221;center&#8221; heading_typo=&#8221;Cabin,40,Normal,700,,,Solid,4,,0.2,&#8221; animation=&#8221;fadeInUp&#8221; animation_delay=&#8221;600&#8243; animation_speed=&#8221;slowest&#8221; heading_typo_mobile=&#8221;,22,,,,,Solid,,,,&#8221; heading_typo_tablet=&#8221;,28,,,,,Solid,,,,&#8221; font_family=&#8221;Cabin&#8221; heading_text_shadow=&#8221;-4,5,5,#aadae8ff&#8221;] [&hellip;]<\/p>\n","protected":false},"author":1,"featured_media":0,"parent":6,"menu_order":0,"comment_status":"closed","ping_status":"closed","template":"","meta":{"_monsterinsights_skip_tracking":false,"_monsterinsights_sitenote_active":false,"_monsterinsights_sitenote_note":"","_monsterinsights_sitenote_category":0},"yoast_head":"<!-- This site is optimized with the Yoast SEO plugin v15.1.1 - https:\/\/yoast.com\/wordpress\/plugins\/seo\/ -->\n<title>S\u0131k Sorulan Sorular &#8902; Baycan Malzeme<\/title>\n<meta name=\"description\" content=\"Tela elyaf ke\u00e7e latex lateks yatak \u00fcretim malzemeleri hammaddeleri kanepe koltuk ayaklar\u0131 dolap \u00e7ekmece kulplar\u0131 kayseri en uygun en ucuz en iyi tedarik\u00e7i malzemeci\" \/>\n<meta name=\"robots\" content=\"index, follow, max-snippet:-1, max-image-preview:large, max-video-preview:-1\" \/>\n<link rel=\"canonical\" href=\"https:\/\/www.baycanmalzeme.com\/?page_id=867\" \/>\n<meta property=\"og:locale\" content=\"tr_TR\" \/>\n<meta property=\"og:type\" content=\"article\" \/>\n<meta property=\"og:title\" content=\"S\u0131k Sorulan Sorular &#8902; Baycan Malzeme\" \/>\n<meta property=\"og:description\" content=\"Tela elyaf ke\u00e7e latex lateks yatak \u00fcretim malzemeleri hammaddeleri kanepe koltuk ayaklar\u0131 dolap \u00e7ekmece kulplar\u0131 kayseri en uygun en ucuz en iyi tedarik\u00e7i malzemeci\" \/>\n<meta property=\"og:url\" content=\"https:\/\/www.baycanmalzeme.com\/?page_id=867\" \/>\n<meta property=\"og:site_name\" content=\"Baycan Malzeme\" \/>\n<meta property=\"article:publisher\" content=\"https:\/\/www.facebook.com\/baycanmalzeme\" \/>\n<meta property=\"article:modified_time\" content=\"2021-06-18T12:51:56+00:00\" \/>\n<meta property=\"og:image\" content=\"https:\/\/www.baycanmalzeme.com\/wp-content\/uploads\/2021\/06\/Baycan_Malzeme.jpg\" \/>\n<meta name=\"twitter:card\" content=\"summary_large_image\" \/>\n<script type=\"application\/ld+json\" class=\"yoast-schema-graph\">{\"@context\":\"https:\/\/schema.org\",\"@graph\":[{\"@type\":\"Organization\",\"@id\":\"https:\/\/www.baycanmalzeme.com\/#organization\",\"name\":\"Baycan Malzemecilik Tekstil Mobilya San. Tic. Ltd. \\u015eTi.\",\"url\":\"https:\/\/www.baycanmalzeme.com\/\",\"sameAs\":[\"https:\/\/www.facebook.com\/baycanmalzeme\",\"https:\/\/www.instagram.com\/baycan_malzeme\",\"https:\/\/www.google.com\/url?sa=t&amp;amp;amp;amp;amp;rct=j&amp;amp;amp;amp;amp;q&amp;amp;amp;amp;amp;esrc=s&amp;amp;amp;amp;amp;source=web&amp;amp;amp;amp;amp;cd&amp;amp;amp;amp;amp;cad=rja&amp;amp;amp;amp;amp;uact=8&amp;amp;amp;amp;amp;ved=2ahUKEwiTmtXZ5oDyAhXRgP0HHc3OAiYQFjAAegQIBBAD&amp;amp;amp;amp;amp;url=https:\/\/tr.linkedin.com\/in\/baycan-malzeme-21baa31b9&amp;amp;amp;amp;amp;usg=AOvVaw2bQM81Uv5MVOVF1ddNg6T_\"],\"logo\":{\"@type\":\"ImageObject\",\"@id\":\"https:\/\/www.baycanmalzeme.com\/#logo\",\"inLanguage\":\"tr\",\"url\":\"https:\/\/www.baycanmalzeme.com\/wp-content\/uploads\/2020\/10\/Adsiz.png\",\"width\":274,\"height\":88,\"caption\":\"Baycan Malzemecilik Tekstil Mobilya San. Tic. Ltd. \\u015eTi.\"},\"image\":{\"@id\":\"https:\/\/www.baycanmalzeme.com\/#logo\"}},{\"@type\":\"WebSite\",\"@id\":\"https:\/\/www.baycanmalzeme.com\/#website\",\"url\":\"https:\/\/www.baycanmalzeme.com\/\",\"name\":\"Baycan Malzeme\",\"description\":\"Tekstil Mobilya San.Tic. Ltd. \\u015eti.\",\"publisher\":{\"@id\":\"https:\/\/www.baycanmalzeme.com\/#organization\"},\"potentialAction\":[{\"@type\":\"SearchAction\",\"target\":\"https:\/\/www.baycanmalzeme.com\/?s={search_term_string}\",\"query-input\":\"required name=search_term_string\"}],\"inLanguage\":\"tr\"},{\"@type\":\"ImageObject\",\"@id\":\"https:\/\/www.baycanmalzeme.com\/?page_id=867#primaryimage\",\"inLanguage\":\"tr\",\"url\":\"https:\/\/www.baycanmalzeme.com\/wp-content\/uploads\/2021\/06\/Baycan_Malzeme.jpg\",\"width\":484,\"height\":293},{\"@type\":\"WebPage\",\"@id\":\"https:\/\/www.baycanmalzeme.com\/?page_id=867#webpage\",\"url\":\"https:\/\/www.baycanmalzeme.com\/?page_id=867\",\"name\":\"S\\u0131k Sorulan Sorular &#8902; Baycan Malzeme\",\"isPartOf\":{\"@id\":\"https:\/\/www.baycanmalzeme.com\/#website\"},\"primaryImageOfPage\":{\"@id\":\"https:\/\/www.baycanmalzeme.com\/?page_id=867#primaryimage\"},\"datePublished\":\"2020-10-08T11:48:14+00:00\",\"dateModified\":\"2021-06-18T12:51:56+00:00\",\"description\":\"Tela elyaf ke\\u00e7e latex lateks yatak \\u00fcretim malzemeleri hammaddeleri kanepe koltuk ayaklar\\u0131 dolap \\u00e7ekmece kulplar\\u0131 kayseri en uygun en ucuz en iyi tedarik\\u00e7i malzemeci\",\"inLanguage\":\"tr\",\"potentialAction\":[{\"@type\":\"ReadAction\",\"target\":[\"https:\/\/www.baycanmalzeme.com\/?page_id=867\"]}]}]}<\/script>\n<!-- \/ Yoast SEO plugin. -->","_links":{"self":[{"href":"https:\/\/www.baycanmalzeme.com\/index.php?rest_route=\/wp\/v2\/pages\/867"}],"collection":[{"href":"https:\/\/www.baycanmalzeme.com\/index.php?rest_route=\/wp\/v2\/pages"}],"about":[{"href":"https:\/\/www.baycanmalzeme.com\/index.php?rest_route=\/wp\/v2\/types\/page"}],"author":[{"embeddable":true,"href":"https:\/\/www.baycanmalzeme.com\/index.php?rest_route=\/wp\/v2\/users\/1"}],"replies":[{"embeddable":true,"href":"https:\/\/www.baycanmalzeme.com\/index.php?rest_route=%2Fwp%2Fv2%2Fcomments&post=867"}],"version-history":[{"count":18,"href":"https:\/\/www.baycanmalzeme.com\/index.php?rest_route=\/wp\/v2\/pages\/867\/revisions"}],"predecessor-version":[{"id":889,"href":"https:\/\/www.baycanmalzeme.com\/index.php?rest_route=\/wp\/v2\/pages\/867\/revisions\/889"}],"up":[{"embeddable":true,"href":"https:\/\/www.baycanmalzeme.com\/index.php?rest_route=\/wp\/v2\/pages\/6"}],"wp:attachment":[{"href":"https:\/\/www.baycanmalzeme.com\/index.php?rest_route=%2Fwp%2Fv2%2Fmedia&parent=867"}],"curies":[{"name":"wp","href":"https:\/\/api.w.org\/{rel}","templated":true}]}}