{"id":709,"date":"2020-11-23T06:52:20","date_gmt":"2020-11-23T06:52:20","guid":{"rendered":"https:\/\/www.baycanmalzeme.com\/?page_id=709"},"modified":"2020-11-23T11:07:04","modified_gmt":"2020-11-23T11:07:04","slug":"yapistiricilar","status":"publish","type":"page","link":"https:\/\/www.baycanmalzeme.com\/?page_id=709","title":{"rendered":"Yap\u0131\u015ft\u0131r\u0131c\u0131lar"},"content":{"rendered":"<p>[pl_row pagelayer-id=&#8221;f3ip7bmo33sft9j2&#8243; ][pl_col pagelayer-id=&#8221;1ay6qja93ipiq5ti&#8221;  col=&#8221;12&#8243;][pl_text pagelayer-id=&#8221;tpg3ih964rytyf3s&#8221; ]<\/p>\n<p>[\/pl_text]<br \/>\n[\/pl_col]<br \/>\n[\/pl_row]<br \/>\n[pl_row pagelayer-id=&#8221;w4oiqQKqv9bRwEth&#8221;  stretch=&#8221;auto&#8221; col_gap=&#8221;10&#8243; width_content=&#8221;auto&#8221; row_height=&#8221;default&#8221; overlay_hover_delay=&#8221;400&#8243; row_shape_top_color=&#8221;#227bc3&#8243; row_shape_top_width=&#8221;100&#8243; row_shape_top_height=&#8221;100&#8243; row_shape_bottom_color=&#8221;#e44993&#8243; row_shape_bottom_width=&#8221;100&#8243; row_shape_bottom_height=&#8221;100&#8243;][pl_col pagelayer-id=&#8221;YthkmEdPwEXxMdA0&#8243;  overlay_hover_delay=&#8221;400&#8243;][pl_inner_row pagelayer-id=&#8221;aTckLzpSvtifO2h3&#8243;  stretch=&#8221;auto&#8221; col_gap=&#8221;10&#8243; width_content=&#8221;auto&#8221; row_height=&#8221;default&#8221; overlay_hover_delay=&#8221;400&#8243; row_shape_top_color=&#8221;#227bc3&#8243; row_shape_top_width=&#8221;100&#8243; row_shape_top_height=&#8221;100&#8243; row_shape_bottom_color=&#8221;#e44993&#8243; row_shape_bottom_width=&#8221;100&#8243; row_shape_bottom_height=&#8221;100&#8243;][pl_inner_col pagelayer-id=&#8221;IKEjasN2sSzJ4zSE&#8221;  overlay_hover_delay=&#8221;400&#8243;][pl_list pagelayer-id=&#8221;o39FsFFpizmx979Z&#8221;  list_type=&#8221;none&#8221; spacing=&#8221;10&#8243; list_text_state=&#8221;normal&#8221; item_indent=&#8221;10&#8243; list_icon_state=&#8221;normal&#8221; icon_color=&#8221;#0986c0&#8243; icon_border_type=&#8221;solid&#8221; icon_border_color=&#8221;#cbd2dc78&#8243; icon_border_width=&#8221;3&#8243; list_color=&#8221;#0d0d0dff&#8221;][pl_list_item pagelayer-id=&#8221;jXJU16EBzYnrXlOY&#8221;  show_icon=&#8221;true&#8221; icon=&#8221;fas fa-burn&#8221;]S\u00fcnger Yap\u0131\u015ft\u0131r\u0131c\u0131lar\u0131[\/pl_list_item]<br \/>\n[\/pl_list]<br \/>\n[\/pl_inner_col]<br \/>\n[\/pl_inner_row]<br \/>\n[\/pl_col]<br \/>\n[\/pl_row]<br \/>\n[pl_row pagelayer-id=&#8221;R5dC3EdMw8N0Julq&#8221;  stretch=&#8221;auto&#8221; col_gap=&#8221;10&#8243; width_content=&#8221;auto&#8221; row_height=&#8221;default&#8221; overlay_hover_delay=&#8221;400&#8243; row_shape_top_color=&#8221;#227bc3&#8243; row_shape_top_width=&#8221;100&#8243; row_shape_top_height=&#8221;100&#8243; row_shape_bottom_color=&#8221;#e44993&#8243; row_shape_bottom_width=&#8221;100&#8243; row_shape_bottom_height=&#8221;100&#8243;][pl_col pagelayer-id=&#8221;goMhyR19psoUqsg8&#8243;  overlay_hover_delay=&#8221;400&#8243; widget_space=&#8221;NaN&#8221; col_width=&#8221;NaN&#8221;][pl_shortcodes pagelayer-id=&#8221;cGKQTirVc96QtYhX&#8221;  ele_custom_pos=&#8221;true&#8221; ele_align=&#8221;50%&#8221; ele_height=&#8221;auto&#8221; ele_custom_height=&#8221;283px&#8221; ele_custom_width=&#8221;600px&#8221;]<div id=\"envira-gallery-wrap-705\" class=\"envira-gallery-wrap envira-gallery-theme-base envira-lightbox-theme-base\" itemscope itemtype=\"https:\/\/schema.org\/ImageGallery\"><div data-row-height=\"\" data-gallery-theme=\"\" id=\"envira-gallery-705\" class=\"envira-gallery-public  envira-gallery-3-columns envira-clear enviratope envira-gallery-css-animations\" data-envira-columns=\"3\"><div id=\"envira-gallery-item-706\" class=\"envira-gallery-item enviratope-item envira-gallery-item-1\" style=\"padding-left: 2px; padding-bottom: 1px; padding-right: 2px;\"  itemscope itemtype=\"https:\/\/schema.org\/ImageObject\"><div class=\"envira-gallery-item-inner\"><div class=\"envira-gallery-position-overlay  envira-gallery-top-left\"><\/div><div class=\"envira-gallery-position-overlay  envira-gallery-top-right\"><\/div><div class=\"envira-gallery-position-overlay  envira-gallery-bottom-left\"><\/div><div class=\"envira-gallery-position-overlay  envira-gallery-bottom-right\"><\/div><a href=\"https:\/\/www.baycanmalzeme.com\/wp-content\/uploads\/2020\/11\/Baycan_toptan_malzeme_yapistirici-scaled.jpg\" class=\"envira-gallery-705 envira-gallery-link\" rel=\"enviragallery705\" title=\"Baycan_toptan_malzeme_yapistirici\" data-envira-caption=\"Baycan_toptan_malzeme_yapistirici\" data-envira-retina=\"\" data-thumbnail=\"\"  itemprop=\"contentUrl\"><img id=\"envira-gallery-image-706\" class=\"envira-gallery-image envira-gallery-image-1\" data-envira-index=\"1\" src=\"https:\/\/www.baycanmalzeme.com\/wp-content\/uploads\/2020\/11\/Baycan_toptan_malzeme_yapistirici-1024x858-350x350_c.jpg\" data-envira-src=\"https:\/\/www.baycanmalzeme.com\/wp-content\/uploads\/2020\/11\/Baycan_toptan_malzeme_yapistirici-1024x858-350x350_c.jpg\" data-envira-gallery-id=\"705\" data-envira-item-id=\"706\" data-envira-caption=\"Baycan_toptan_malzeme_yapistirici\" alt=\"\" title=\"Baycan_toptan_malzeme_yapistirici\"  itemprop=\"thumbnailUrl\" data-envira-srcset=\"https:\/\/www.baycanmalzeme.com\/wp-content\/uploads\/2020\/11\/Baycan_toptan_malzeme_yapistirici-1024x858-350x350_c.jpg 400w,https:\/\/www.baycanmalzeme.com\/wp-content\/uploads\/2020\/11\/Baycan_toptan_malzeme_yapistirici-1024x858-350x350_c.jpg 2x\" srcset=\"https:\/\/www.baycanmalzeme.com\/wp-content\/uploads\/2020\/11\/Baycan_toptan_malzeme_yapistirici-scaled-700x700_c.jpg 2x\" \/><\/a><\/div><\/div><div id=\"envira-gallery-item-707\" class=\"envira-gallery-item enviratope-item envira-gallery-item-2\" style=\"padding-left: 2px; padding-bottom: 1px; padding-right: 2px;\"  itemscope itemtype=\"https:\/\/schema.org\/ImageObject\"><div class=\"envira-gallery-item-inner\"><div class=\"envira-gallery-position-overlay  envira-gallery-top-left\"><\/div><div class=\"envira-gallery-position-overlay  envira-gallery-top-right\"><\/div><div class=\"envira-gallery-position-overlay  envira-gallery-bottom-left\"><\/div><div class=\"envira-gallery-position-overlay  envira-gallery-bottom-right\"><\/div><a href=\"https:\/\/www.baycanmalzeme.com\/wp-content\/uploads\/2020\/11\/Baycan_toptan_Sunger_yapistiricisi-scaled.jpg\" class=\"envira-gallery-705 envira-gallery-link\" rel=\"enviragallery705\" title=\"Baycan_toptan_Sunger_yapistiricisi\" data-envira-caption=\"Baycan_toptan_Sunger_yapistiricisi\" data-envira-retina=\"\" data-thumbnail=\"\"  itemprop=\"contentUrl\"><img id=\"envira-gallery-image-707\" class=\"envira-gallery-image envira-gallery-image-2\" data-envira-index=\"2\" src=\"https:\/\/www.baycanmalzeme.com\/wp-content\/uploads\/2020\/11\/Baycan_toptan_Sunger_yapistiricisi-768x1024-350x350_c.jpg\" data-envira-src=\"https:\/\/www.baycanmalzeme.com\/wp-content\/uploads\/2020\/11\/Baycan_toptan_Sunger_yapistiricisi-768x1024-350x350_c.jpg\" data-envira-gallery-id=\"705\" data-envira-item-id=\"707\" data-envira-caption=\"Baycan_toptan_Sunger_yapistiricisi\" alt=\"\" title=\"Baycan_toptan_Sunger_yapistiricisi\"  itemprop=\"thumbnailUrl\" data-envira-srcset=\"https:\/\/www.baycanmalzeme.com\/wp-content\/uploads\/2020\/11\/Baycan_toptan_Sunger_yapistiricisi-768x1024-350x350_c.jpg 400w,https:\/\/www.baycanmalzeme.com\/wp-content\/uploads\/2020\/11\/Baycan_toptan_Sunger_yapistiricisi-768x1024-350x350_c.jpg 2x\" srcset=\"https:\/\/www.baycanmalzeme.com\/wp-content\/uploads\/2020\/11\/Baycan_toptan_Sunger_yapistiricisi-scaled-700x700_c.jpg 2x\" \/><\/a><\/div><\/div><div id=\"envira-gallery-item-708\" class=\"envira-gallery-item enviratope-item envira-gallery-item-3\" style=\"padding-left: 2px; padding-bottom: 1px; padding-right: 2px;\"  itemscope itemtype=\"https:\/\/schema.org\/ImageObject\"><div class=\"envira-gallery-item-inner\"><div class=\"envira-gallery-position-overlay  envira-gallery-top-left\"><\/div><div class=\"envira-gallery-position-overlay  envira-gallery-top-right\"><\/div><div class=\"envira-gallery-position-overlay  envira-gallery-bottom-left\"><\/div><div class=\"envira-gallery-position-overlay  envira-gallery-bottom-right\"><\/div><a href=\"https:\/\/www.baycanmalzeme.com\/wp-content\/uploads\/2020\/11\/Toptan_satis_yapistirici-scaled.jpg\" class=\"envira-gallery-705 envira-gallery-link\" rel=\"enviragallery705\" title=\"Toptan_satis_yapistirici\" data-envira-caption=\"Toptan_satis_yapistirici\" data-envira-retina=\"\" data-thumbnail=\"\"  itemprop=\"contentUrl\"><img id=\"envira-gallery-image-708\" class=\"envira-gallery-image envira-gallery-image-3\" data-envira-index=\"3\" src=\"https:\/\/www.baycanmalzeme.com\/wp-content\/uploads\/2020\/11\/Toptan_satis_yapistirici-768x1024-350x350_c.jpg\" data-envira-src=\"https:\/\/www.baycanmalzeme.com\/wp-content\/uploads\/2020\/11\/Toptan_satis_yapistirici-768x1024-350x350_c.jpg\" data-envira-gallery-id=\"705\" data-envira-item-id=\"708\" data-envira-caption=\"Toptan_satis_yapistirici\" alt=\"\" title=\"Toptan_satis_yapistirici\"  itemprop=\"thumbnailUrl\" data-envira-srcset=\"https:\/\/www.baycanmalzeme.com\/wp-content\/uploads\/2020\/11\/Toptan_satis_yapistirici-768x1024-350x350_c.jpg 400w,https:\/\/www.baycanmalzeme.com\/wp-content\/uploads\/2020\/11\/Toptan_satis_yapistirici-768x1024-350x350_c.jpg 2x\" srcset=\"https:\/\/www.baycanmalzeme.com\/wp-content\/uploads\/2020\/11\/Toptan_satis_yapistirici-scaled-700x700_c.jpg 2x\" \/><\/a><\/div><\/div><\/div><\/div><noscript><img src=\"https:\/\/www.baycanmalzeme.com\/wp-content\/uploads\/2020\/11\/Baycan_toptan_malzeme_yapistirici-scaled.jpg\" alt=\"\" class=\"no-lazyload\" \/><img src=\"https:\/\/www.baycanmalzeme.com\/wp-content\/uploads\/2020\/11\/Baycan_toptan_Sunger_yapistiricisi-scaled.jpg\" alt=\"\" class=\"no-lazyload\" \/><img src=\"https:\/\/www.baycanmalzeme.com\/wp-content\/uploads\/2020\/11\/Toptan_satis_yapistirici-scaled.jpg\" alt=\"\" class=\"no-lazyload\" \/><\/noscript>[\/pl_shortcodes]<br \/>\n[\/pl_col]<br \/>\n[\/pl_row]<br \/>\n[pl_row pagelayer-id=&#8221;qmqoGvSsCa7h661T&#8221;  stretch=&#8221;auto&#8221; col_gap=&#8221;10&#8243; width_content=&#8221;auto&#8221; row_height=&#8221;default&#8221; overlay_hover_delay=&#8221;400&#8243; row_shape_top_color=&#8221;#227bc3&#8243; row_shape_top_width=&#8221;100&#8243; row_shape_top_height=&#8221;100&#8243; row_shape_bottom_color=&#8221;#e44993&#8243; row_shape_bottom_width=&#8221;100&#8243; row_shape_bottom_height=&#8221;100&#8243;][pl_col pagelayer-id=&#8221;KQBhB252fbQ4ygNG&#8221;  overlay_hover_delay=&#8221;400&#8243;][pl_text pagelayer-id=&#8221;BZb4lOn0iCFzYrSi&#8221; ]<\/p>\n<p><span style=\"color: rgb(0, 0, 0);\">Yap\u0131\u015ft\u0131r\u0131c\u0131lar\u0131m\u0131z \u00fcst\u00fcn mukavemeti ve uzun \u00f6m\u00fcrl\u00fcl\u00fck \u00f6zelli\u011fiyle s\u00fcnger yap\u0131\u015ft\u0131rma i\u015fleminde kullan\u0131lmak \u00fczere \u00f6zel \u00fcretilmi\u015ftir. Toptan galon, teneke, varil veya tank \u015feklinde sat\u0131\u015flar\u0131m\u0131z mevcuttur.<br \/>\n<\/span><\/p>\n<p>[\/pl_text]<br \/>\n[\/pl_col]<br \/>\n[\/pl_row]<\/p>\n","protected":false},"excerpt":{"rendered":"<p>[pl_row pagelayer-id=&#8221;f3ip7bmo33sft9j2&#8243; ][pl_col pagelayer-id=&#8221;1ay6qja93ipiq5ti&#8221; col=&#8221;12&#8243;][pl_text pagelayer-id=&#8221;tpg3ih964rytyf3s&#8221; ] [\/pl_text] [\/pl_col] [\/pl_row] [pl_row pagelayer-id=&#8221;w4oiqQKqv9bRwEth&#8221; stretch=&#8221;auto&#8221; col_gap=&#8221;10&#8243; width_content=&#8221;auto&#8221; row_height=&#8221;default&#8221; overlay_hover_delay=&#8221;400&#8243; row_shape_top_color=&#8221;#227bc3&#8243; row_shape_top_width=&#8221;100&#8243; row_shape_top_height=&#8221;100&#8243; row_shape_bottom_color=&#8221;#e44993&#8243; row_shape_bottom_width=&#8221;100&#8243; row_shape_bottom_height=&#8221;100&#8243;][pl_col pagelayer-id=&#8221;YthkmEdPwEXxMdA0&#8243; overlay_hover_delay=&#8221;400&#8243;][pl_inner_row pagelayer-id=&#8221;aTckLzpSvtifO2h3&#8243; stretch=&#8221;auto&#8221; col_gap=&#8221;10&#8243; width_content=&#8221;auto&#8221; row_height=&#8221;default&#8221; overlay_hover_delay=&#8221;400&#8243; row_shape_top_color=&#8221;#227bc3&#8243; row_shape_top_width=&#8221;100&#8243; row_shape_top_height=&#8221;100&#8243; row_shape_bottom_color=&#8221;#e44993&#8243; row_shape_bottom_width=&#8221;100&#8243; row_shape_bottom_height=&#8221;100&#8243;][pl_inner_col pagelayer-id=&#8221;IKEjasN2sSzJ4zSE&#8221; overlay_hover_delay=&#8221;400&#8243;][pl_list pagelayer-id=&#8221;o39FsFFpizmx979Z&#8221; list_type=&#8221;none&#8221; spacing=&#8221;10&#8243; list_text_state=&#8221;normal&#8221; item_indent=&#8221;10&#8243; list_icon_state=&#8221;normal&#8221; icon_color=&#8221;#0986c0&#8243; icon_border_type=&#8221;solid&#8221; icon_border_color=&#8221;#cbd2dc78&#8243; icon_border_width=&#8221;3&#8243; list_color=&#8221;#0d0d0dff&#8221;][pl_list_item pagelayer-id=&#8221;jXJU16EBzYnrXlOY&#8221; show_icon=&#8221;true&#8221; icon=&#8221;fas fa-burn&#8221;]S\u00fcnger Yap\u0131\u015ft\u0131r\u0131c\u0131lar\u0131[\/pl_list_item] [&hellip;]<\/p>\n","protected":false},"author":1,"featured_media":0,"parent":0,"menu_order":0,"comment_status":"closed","ping_status":"closed","template":"","meta":{"_monsterinsights_skip_tracking":false,"_monsterinsights_sitenote_active":false,"_monsterinsights_sitenote_note":"","_monsterinsights_sitenote_category":0},"yoast_head":"<!-- This site is optimized with the Yoast SEO plugin v15.1.1 - https:\/\/yoast.com\/wordpress\/plugins\/seo\/ -->\n<title>Yap\u0131\u015ft\u0131r\u0131c\u0131lar &#8902; Baycan Malzeme<\/title>\n<meta name=\"description\" content=\"S\u00fcnger yap\u0131\u015ft\u0131r\u0131c\u0131s\u0131 toptan sat\u0131\u015f Kayseri Malzemeci Firmalar\" \/>\n<meta name=\"robots\" content=\"index, follow, max-snippet:-1, max-image-preview:large, max-video-preview:-1\" \/>\n<link rel=\"canonical\" href=\"https:\/\/www.baycanmalzeme.com\/?page_id=709\" \/>\n<meta property=\"og:locale\" content=\"tr_TR\" \/>\n<meta property=\"og:type\" content=\"article\" \/>\n<meta property=\"og:title\" content=\"Yap\u0131\u015ft\u0131r\u0131c\u0131lar &#8902; Baycan Malzeme\" \/>\n<meta property=\"og:description\" content=\"S\u00fcnger yap\u0131\u015ft\u0131r\u0131c\u0131s\u0131 toptan sat\u0131\u015f Kayseri Malzemeci Firmalar\" \/>\n<meta property=\"og:url\" content=\"https:\/\/www.baycanmalzeme.com\/?page_id=709\" \/>\n<meta property=\"og:site_name\" content=\"Baycan Malzeme\" \/>\n<meta property=\"article:publisher\" content=\"https:\/\/www.facebook.com\/baycanmalzeme\" \/>\n<meta property=\"article:modified_time\" content=\"2020-11-23T11:07:04+00:00\" \/>\n<meta name=\"twitter:card\" content=\"summary_large_image\" \/>\n<script type=\"application\/ld+json\" class=\"yoast-schema-graph\">{\"@context\":\"https:\/\/schema.org\",\"@graph\":[{\"@type\":\"Organization\",\"@id\":\"https:\/\/www.baycanmalzeme.com\/#organization\",\"name\":\"Baycan Malzemecilik Tekstil Mobilya San. Tic. Ltd. \\u015eTi.\",\"url\":\"https:\/\/www.baycanmalzeme.com\/\",\"sameAs\":[\"https:\/\/www.facebook.com\/baycanmalzeme\",\"https:\/\/www.instagram.com\/baycan_malzeme\",\"https:\/\/www.google.com\/url?sa=t&amp;amp;amp;amp;amp;rct=j&amp;amp;amp;amp;amp;q&amp;amp;amp;amp;amp;esrc=s&amp;amp;amp;amp;amp;source=web&amp;amp;amp;amp;amp;cd&amp;amp;amp;amp;amp;cad=rja&amp;amp;amp;amp;amp;uact=8&amp;amp;amp;amp;amp;ved=2ahUKEwiTmtXZ5oDyAhXRgP0HHc3OAiYQFjAAegQIBBAD&amp;amp;amp;amp;amp;url=https:\/\/tr.linkedin.com\/in\/baycan-malzeme-21baa31b9&amp;amp;amp;amp;amp;usg=AOvVaw2bQM81Uv5MVOVF1ddNg6T_\"],\"logo\":{\"@type\":\"ImageObject\",\"@id\":\"https:\/\/www.baycanmalzeme.com\/#logo\",\"inLanguage\":\"tr\",\"url\":\"https:\/\/www.baycanmalzeme.com\/wp-content\/uploads\/2020\/10\/Adsiz.png\",\"width\":274,\"height\":88,\"caption\":\"Baycan Malzemecilik Tekstil Mobilya San. Tic. Ltd. \\u015eTi.\"},\"image\":{\"@id\":\"https:\/\/www.baycanmalzeme.com\/#logo\"}},{\"@type\":\"WebSite\",\"@id\":\"https:\/\/www.baycanmalzeme.com\/#website\",\"url\":\"https:\/\/www.baycanmalzeme.com\/\",\"name\":\"Baycan Malzeme\",\"description\":\"Tekstil Mobilya San.Tic. Ltd. \\u015eti.\",\"publisher\":{\"@id\":\"https:\/\/www.baycanmalzeme.com\/#organization\"},\"potentialAction\":[{\"@type\":\"SearchAction\",\"target\":\"https:\/\/www.baycanmalzeme.com\/?s={search_term_string}\",\"query-input\":\"required name=search_term_string\"}],\"inLanguage\":\"tr\"},{\"@type\":\"WebPage\",\"@id\":\"https:\/\/www.baycanmalzeme.com\/?page_id=709#webpage\",\"url\":\"https:\/\/www.baycanmalzeme.com\/?page_id=709\",\"name\":\"Yap\\u0131\\u015ft\\u0131r\\u0131c\\u0131lar &#8902; Baycan Malzeme\",\"isPartOf\":{\"@id\":\"https:\/\/www.baycanmalzeme.com\/#website\"},\"datePublished\":\"2020-11-23T06:52:20+00:00\",\"dateModified\":\"2020-11-23T11:07:04+00:00\",\"description\":\"S\\u00fcnger yap\\u0131\\u015ft\\u0131r\\u0131c\\u0131s\\u0131 toptan sat\\u0131\\u015f Kayseri Malzemeci Firmalar\",\"inLanguage\":\"tr\",\"potentialAction\":[{\"@type\":\"ReadAction\",\"target\":[\"https:\/\/www.baycanmalzeme.com\/?page_id=709\"]}]}]}<\/script>\n<!-- \/ Yoast SEO plugin. -->","_links":{"self":[{"href":"https:\/\/www.baycanmalzeme.com\/index.php?rest_route=\/wp\/v2\/pages\/709"}],"collection":[{"href":"https:\/\/www.baycanmalzeme.com\/index.php?rest_route=\/wp\/v2\/pages"}],"about":[{"href":"https:\/\/www.baycanmalzeme.com\/index.php?rest_route=\/wp\/v2\/types\/page"}],"author":[{"embeddable":true,"href":"https:\/\/www.baycanmalzeme.com\/index.php?rest_route=\/wp\/v2\/users\/1"}],"replies":[{"embeddable":true,"href":"https:\/\/www.baycanmalzeme.com\/index.php?rest_route=%2Fwp%2Fv2%2Fcomments&post=709"}],"version-history":[{"count":19,"href":"https:\/\/www.baycanmalzeme.com\/index.php?rest_route=\/wp\/v2\/pages\/709\/revisions"}],"predecessor-version":[{"id":730,"href":"https:\/\/www.baycanmalzeme.com\/index.php?rest_route=\/wp\/v2\/pages\/709\/revisions\/730"}],"wp:attachment":[{"href":"https:\/\/www.baycanmalzeme.com\/index.php?rest_route=%2Fwp%2Fv2%2Fmedia&parent=709"}],"curies":[{"name":"wp","href":"https:\/\/api.w.org\/{rel}","templated":true}]}}