{"id":661,"date":"2020-11-03T07:23:46","date_gmt":"2020-11-03T07:23:46","guid":{"rendered":"https:\/\/www.baycanmalzeme.com\/?page_id=661"},"modified":"2020-11-23T10:28:42","modified_gmt":"2020-11-23T10:28:42","slug":"civatapercinvidatoptan","status":"publish","type":"page","link":"https:\/\/www.baycanmalzeme.com\/?page_id=661","title":{"rendered":"C\u0131vata,Per\u00e7in,Vida"},"content":{"rendered":"<p>[pl_row pagelayer-id=&#8221;b5v5x677ozw8547v&#8221; ][pl_col pagelayer-id=&#8221;irmloa529un6w75w&#8221;  col=&#8221;12&#8243;][pl_text pagelayer-id=&#8221;onk0258te5rz230s&#8221; ]<\/p>\n<p>[\/pl_text]<br \/>\n[pl_inner_row pagelayer-id=&#8221;nzrx6bAOH8NSKahA&#8221;  stretch=&#8221;auto&#8221; col_gap=&#8221;10&#8243; width_content=&#8221;auto&#8221; row_height=&#8221;default&#8221; overlay_hover_delay=&#8221;400&#8243; row_shape_top_color=&#8221;#227bc3&#8243; row_shape_top_width=&#8221;100&#8243; row_shape_top_height=&#8221;100&#8243; row_shape_bottom_color=&#8221;#e44993&#8243; row_shape_bottom_width=&#8221;100&#8243; row_shape_bottom_height=&#8221;100&#8243;][pl_inner_col pagelayer-id=&#8221;83rlZA0QFFCNaqVb&#8221;  overlay_hover_delay=&#8221;400&#8243;][pl_list pagelayer-id=&#8221;1C0Q3uPcsvENVBzK&#8221;  list_type=&#8221;none&#8221; spacing=&#8221;10&#8243; list_text_state=&#8221;normal&#8221; item_indent=&#8221;10&#8243; list_icon_state=&#8221;normal&#8221; icon_color=&#8221;#0986c0&#8243; icon_border_type=&#8221;solid&#8221; icon_border_color=&#8221;#cbd2dc78&#8243; icon_border_width=&#8221;3&#8243; list_color=&#8221;#0d0d0dff&#8221;][pl_list_item pagelayer-id=&#8221;lH6oh6GGP4zgBEUv&#8221;  show_icon=&#8221;true&#8221; icon=&#8221;fas fa-burn&#8221;]C\u0131vatalar[\/pl_list_item]<br \/>\n[pl_list_item pagelayer-id=&#8221;V86xD8uuLgAQkGP2&#8243;  show_icon=&#8221;true&#8221; icon=&#8221;fas fa-burn&#8221;]Per\u00e7inler[\/pl_list_item]<br \/>\n[pl_list_item pagelayer-id=&#8221;mF3W0lsiTLLol0uy&#8221;  show_icon=&#8221;true&#8221; icon=&#8221;fas fa-burn&#8221;]Vidalar[\/pl_list_item]<br \/>\n[\/pl_list]<br \/>\n[\/pl_inner_col]<br \/>\n[\/pl_inner_row]<br \/>\n[\/pl_col]<br \/>\n[\/pl_row]<br \/>\n[pl_row pagelayer-id=&#8221;MVVnI6O3LvChyNNw&#8221;  stretch=&#8221;auto&#8221; col_gap=&#8221;10&#8243; width_content=&#8221;auto&#8221; row_height=&#8221;default&#8221; overlay_hover_delay=&#8221;400&#8243; row_shape_top_color=&#8221;#227bc3&#8243; row_shape_top_width=&#8221;100&#8243; row_shape_top_height=&#8221;100&#8243; row_shape_bottom_color=&#8221;#e44993&#8243; row_shape_bottom_width=&#8221;100&#8243; row_shape_bottom_height=&#8221;100&#8243;][pl_col pagelayer-id=&#8221;6hCmyawqOLkySUDJ&#8221;  overlay_hover_delay=&#8221;400&#8243;][pl_inner_row pagelayer-id=&#8221;aTqVEWZbMJjYJazb&#8221;  stretch=&#8221;auto&#8221; col_gap=&#8221;10&#8243; width_content=&#8221;auto&#8221; row_height=&#8221;default&#8221; overlay_hover_delay=&#8221;400&#8243; row_shape_top_color=&#8221;#227bc3&#8243; row_shape_top_width=&#8221;100&#8243; row_shape_top_height=&#8221;100&#8243; row_shape_bottom_color=&#8221;#e44993&#8243; row_shape_bottom_width=&#8221;100&#8243; row_shape_bottom_height=&#8221;100&#8243;][pl_inner_col pagelayer-id=&#8221;ydQw0tjbzlrweaaK&#8221;  overlay_hover_delay=&#8221;400&#8243;][pl_text pagelayer-id=&#8221;njsIVeoPcaCWbPon&#8221; ]<\/p>\n<p><span style=\"color: rgb(0, 0, 0);\">Civata \u00e7e\u015fitlerimiz: DIN 603, DIN 912, DIN 931, DIN 933, DIN 961, DIN 6921, DIN 7990, DIN 7991, Bombe Ba\u015fl\u0131 Imbus, Kaynak Civata, Tava Civatas\u0131, Yb kasa Civata Not: Di\u011fer c\u0131vata \u00e7e\u015fitlerimizi sorunuz.<br \/>\n<\/span><\/p>\n<p>[\/pl_text]<br \/>\n[\/pl_inner_col]<br \/>\n[\/pl_inner_row]<br \/>\n[\/pl_col]<br \/>\n[\/pl_row]<br \/>\n[pl_row pagelayer-id=&#8221;GQwcxGsCLZC8X6kI&#8221;  stretch=&#8221;auto&#8221; col_gap=&#8221;10&#8243; width_content=&#8221;auto&#8221; row_height=&#8221;default&#8221; overlay_hover_delay=&#8221;400&#8243; row_shape_top_color=&#8221;#227bc3&#8243; row_shape_top_width=&#8221;100&#8243; row_shape_top_height=&#8221;100&#8243; row_shape_bottom_color=&#8221;#e44993&#8243; row_shape_bottom_width=&#8221;100&#8243; row_shape_bottom_height=&#8221;100&#8243;][pl_col pagelayer-id=&#8221;NltCtXgfQopMRZyU&#8221;  overlay_hover_delay=&#8221;400&#8243;][pl_inner_row pagelayer-id=&#8221;fPvgHi3xDE2Sdv6D&#8221;  stretch=&#8221;auto&#8221; col_gap=&#8221;10&#8243; width_content=&#8221;auto&#8221; row_height=&#8221;default&#8221; overlay_hover_delay=&#8221;400&#8243; row_shape_top_color=&#8221;#227bc3&#8243; row_shape_top_width=&#8221;100&#8243; row_shape_top_height=&#8221;100&#8243; row_shape_bottom_color=&#8221;#e44993&#8243; row_shape_bottom_width=&#8221;100&#8243; row_shape_bottom_height=&#8221;100&#8243;][pl_inner_col pagelayer-id=&#8221;RgShiSsnb7uPe1Ol&#8221;  overlay_hover_delay=&#8221;400&#8243;][pl_shortcodes pagelayer-id=&#8221;Sjcd50D372uOniTf&#8221; ][\/pl_shortcodes]<br \/>\n[\/pl_inner_col]<br \/>\n[\/pl_inner_row]<br \/>\n[\/pl_col]<br \/>\n[\/pl_row]<\/p>\n","protected":false},"excerpt":{"rendered":"<p>[pl_row pagelayer-id=&#8221;b5v5x677ozw8547v&#8221; ][pl_col pagelayer-id=&#8221;irmloa529un6w75w&#8221; col=&#8221;12&#8243;][pl_text pagelayer-id=&#8221;onk0258te5rz230s&#8221; ] [\/pl_text] [pl_inner_row pagelayer-id=&#8221;nzrx6bAOH8NSKahA&#8221; stretch=&#8221;auto&#8221; col_gap=&#8221;10&#8243; width_content=&#8221;auto&#8221; row_height=&#8221;default&#8221; overlay_hover_delay=&#8221;400&#8243; row_shape_top_color=&#8221;#227bc3&#8243; row_shape_top_width=&#8221;100&#8243; row_shape_top_height=&#8221;100&#8243; row_shape_bottom_color=&#8221;#e44993&#8243; row_shape_bottom_width=&#8221;100&#8243; row_shape_bottom_height=&#8221;100&#8243;][pl_inner_col pagelayer-id=&#8221;83rlZA0QFFCNaqVb&#8221; overlay_hover_delay=&#8221;400&#8243;][pl_list pagelayer-id=&#8221;1C0Q3uPcsvENVBzK&#8221; list_type=&#8221;none&#8221; spacing=&#8221;10&#8243; list_text_state=&#8221;normal&#8221; item_indent=&#8221;10&#8243; list_icon_state=&#8221;normal&#8221; icon_color=&#8221;#0986c0&#8243; icon_border_type=&#8221;solid&#8221; icon_border_color=&#8221;#cbd2dc78&#8243; icon_border_width=&#8221;3&#8243; list_color=&#8221;#0d0d0dff&#8221;][pl_list_item pagelayer-id=&#8221;lH6oh6GGP4zgBEUv&#8221; show_icon=&#8221;true&#8221; icon=&#8221;fas fa-burn&#8221;]C\u0131vatalar[\/pl_list_item] [pl_list_item pagelayer-id=&#8221;V86xD8uuLgAQkGP2&#8243; show_icon=&#8221;true&#8221; icon=&#8221;fas fa-burn&#8221;]Per\u00e7inler[\/pl_list_item] [pl_list_item pagelayer-id=&#8221;mF3W0lsiTLLol0uy&#8221; show_icon=&#8221;true&#8221; icon=&#8221;fas fa-burn&#8221;]Vidalar[\/pl_list_item] [\/pl_list] [\/pl_inner_col] [\/pl_inner_row] [\/pl_col] [\/pl_row] [pl_row pagelayer-id=&#8221;MVVnI6O3LvChyNNw&#8221; [&hellip;]<\/p>\n","protected":false},"author":1,"featured_media":0,"parent":0,"menu_order":0,"comment_status":"closed","ping_status":"closed","template":"","meta":{"_monsterinsights_skip_tracking":false,"_monsterinsights_sitenote_active":false,"_monsterinsights_sitenote_note":"","_monsterinsights_sitenote_category":0},"yoast_head":"<!-- This site is optimized with the Yoast SEO plugin v15.1.1 - https:\/\/yoast.com\/wordpress\/plugins\/seo\/ -->\n<title>C\u0131vata,Per\u00e7in,Vida &#8902; Baycan Malzeme<\/title>\n<meta name=\"description\" content=\"C\u0131vata per\u00e7in vida toptan sat\u0131\u015f Kayseri\" \/>\n<meta name=\"robots\" content=\"index, follow, max-snippet:-1, max-image-preview:large, max-video-preview:-1\" \/>\n<link rel=\"canonical\" href=\"https:\/\/www.baycanmalzeme.com\/?page_id=661\" \/>\n<meta property=\"og:locale\" content=\"tr_TR\" \/>\n<meta property=\"og:type\" content=\"article\" \/>\n<meta property=\"og:title\" content=\"C\u0131vata,Per\u00e7in,Vida &#8902; Baycan Malzeme\" \/>\n<meta property=\"og:description\" content=\"C\u0131vata per\u00e7in vida toptan sat\u0131\u015f Kayseri\" \/>\n<meta property=\"og:url\" content=\"https:\/\/www.baycanmalzeme.com\/?page_id=661\" \/>\n<meta property=\"og:site_name\" content=\"Baycan Malzeme\" \/>\n<meta property=\"article:publisher\" content=\"https:\/\/www.facebook.com\/baycanmalzeme\" \/>\n<meta property=\"article:modified_time\" content=\"2020-11-23T10:28:42+00:00\" \/>\n<meta name=\"twitter:card\" content=\"summary_large_image\" \/>\n<script type=\"application\/ld+json\" class=\"yoast-schema-graph\">{\"@context\":\"https:\/\/schema.org\",\"@graph\":[{\"@type\":\"Organization\",\"@id\":\"https:\/\/www.baycanmalzeme.com\/#organization\",\"name\":\"Baycan Malzemecilik Tekstil Mobilya San. Tic. Ltd. \\u015eTi.\",\"url\":\"https:\/\/www.baycanmalzeme.com\/\",\"sameAs\":[\"https:\/\/www.facebook.com\/baycanmalzeme\",\"https:\/\/www.instagram.com\/baycan_malzeme\",\"https:\/\/www.google.com\/url?sa=t&amp;amp;amp;amp;amp;rct=j&amp;amp;amp;amp;amp;q&amp;amp;amp;amp;amp;esrc=s&amp;amp;amp;amp;amp;source=web&amp;amp;amp;amp;amp;cd&amp;amp;amp;amp;amp;cad=rja&amp;amp;amp;amp;amp;uact=8&amp;amp;amp;amp;amp;ved=2ahUKEwiTmtXZ5oDyAhXRgP0HHc3OAiYQFjAAegQIBBAD&amp;amp;amp;amp;amp;url=https:\/\/tr.linkedin.com\/in\/baycan-malzeme-21baa31b9&amp;amp;amp;amp;amp;usg=AOvVaw2bQM81Uv5MVOVF1ddNg6T_\"],\"logo\":{\"@type\":\"ImageObject\",\"@id\":\"https:\/\/www.baycanmalzeme.com\/#logo\",\"inLanguage\":\"tr\",\"url\":\"https:\/\/www.baycanmalzeme.com\/wp-content\/uploads\/2020\/10\/Adsiz.png\",\"width\":274,\"height\":88,\"caption\":\"Baycan Malzemecilik Tekstil Mobilya San. Tic. Ltd. \\u015eTi.\"},\"image\":{\"@id\":\"https:\/\/www.baycanmalzeme.com\/#logo\"}},{\"@type\":\"WebSite\",\"@id\":\"https:\/\/www.baycanmalzeme.com\/#website\",\"url\":\"https:\/\/www.baycanmalzeme.com\/\",\"name\":\"Baycan Malzeme\",\"description\":\"Tekstil Mobilya San.Tic. Ltd. \\u015eti.\",\"publisher\":{\"@id\":\"https:\/\/www.baycanmalzeme.com\/#organization\"},\"potentialAction\":[{\"@type\":\"SearchAction\",\"target\":\"https:\/\/www.baycanmalzeme.com\/?s={search_term_string}\",\"query-input\":\"required name=search_term_string\"}],\"inLanguage\":\"tr\"},{\"@type\":\"WebPage\",\"@id\":\"https:\/\/www.baycanmalzeme.com\/?page_id=661#webpage\",\"url\":\"https:\/\/www.baycanmalzeme.com\/?page_id=661\",\"name\":\"C\\u0131vata,Per\\u00e7in,Vida &#8902; Baycan Malzeme\",\"isPartOf\":{\"@id\":\"https:\/\/www.baycanmalzeme.com\/#website\"},\"datePublished\":\"2020-11-03T07:23:46+00:00\",\"dateModified\":\"2020-11-23T10:28:42+00:00\",\"description\":\"C\\u0131vata per\\u00e7in vida toptan sat\\u0131\\u015f Kayseri\",\"inLanguage\":\"tr\",\"potentialAction\":[{\"@type\":\"ReadAction\",\"target\":[\"https:\/\/www.baycanmalzeme.com\/?page_id=661\"]}]}]}<\/script>\n<!-- \/ Yoast SEO plugin. -->","_links":{"self":[{"href":"https:\/\/www.baycanmalzeme.com\/index.php?rest_route=\/wp\/v2\/pages\/661"}],"collection":[{"href":"https:\/\/www.baycanmalzeme.com\/index.php?rest_route=\/wp\/v2\/pages"}],"about":[{"href":"https:\/\/www.baycanmalzeme.com\/index.php?rest_route=\/wp\/v2\/types\/page"}],"author":[{"embeddable":true,"href":"https:\/\/www.baycanmalzeme.com\/index.php?rest_route=\/wp\/v2\/users\/1"}],"replies":[{"embeddable":true,"href":"https:\/\/www.baycanmalzeme.com\/index.php?rest_route=%2Fwp%2Fv2%2Fcomments&post=661"}],"version-history":[{"count":10,"href":"https:\/\/www.baycanmalzeme.com\/index.php?rest_route=\/wp\/v2\/pages\/661\/revisions"}],"predecessor-version":[{"id":723,"href":"https:\/\/www.baycanmalzeme.com\/index.php?rest_route=\/wp\/v2\/pages\/661\/revisions\/723"}],"wp:attachment":[{"href":"https:\/\/www.baycanmalzeme.com\/index.php?rest_route=%2Fwp%2Fv2%2Fmedia&parent=661"}],"curies":[{"name":"wp","href":"https:\/\/api.w.org\/{rel}","templated":true}]}}