{"id":6,"date":"2020-10-08T11:48:14","date_gmt":"2020-10-08T11:48:14","guid":{"rendered":"https:\/\/www.baycanmalzeme.com\/contact\/"},"modified":"2023-12-29T08:07:42","modified_gmt":"2023-12-29T08:07:42","slug":"contact","status":"publish","type":"page","link":"https:\/\/www.baycanmalzeme.com\/?page_id=6","title":{"rendered":"\u0130leti\u015fim"},"content":{"rendered":"<p>[pl_row pagelayer-id=&#8221;XausjCIuwtb2GQO5&#8243;  stretch=&#8221;auto&#8221; col_gap=&#8221;0&#8243; width_content=&#8221;auto&#8221; row_height=&#8221;custom&#8221; overlay_hover_delay=&#8221;400&#8243; row_shape_top_color=&#8221;#227bc3&#8243; row_shape_top_width=&#8221;100&#8243; row_shape_top_height=&#8221;100&#8243; row_shape_bottom_color=&#8221;#e44993&#8243; row_shape_bottom_width=&#8221;100&#8243; row_shape_bottom_height=&#8221;100&#8243; ele_padding=&#8221;90px,0px,130px,0px&#8221; ele_bg_type=&#8221;image&#8221; ele_bg_img=&#8221;https:\/\/www.baycanmalzeme.com\/wp-content\/themes\/popularfx\/templates\/peach\/images\/banner.jpg&#8221; ele_bg_attachment=&#8221;fixed&#8221; ele_bg_posx=&#8221;center&#8221; ele_bg_posy=&#8221;center&#8221; ele_bg_repeat=&#8221;no-repeat&#8221; ele_bg_size=&#8221;cover&#8221; ele_padding_mobile=&#8221;80px,0px,100px,0px&#8221; overlay_transperancy=&#8221;1&#8243; overlay_bg_posy=&#8221;center&#8221; overlay_bg_posx=&#8221;center&#8221; fixed_width=&#8221;500px&#8221; min_height=&#8221;0px&#8221; content_pos=&#8221;flex-start&#8221; parallax_img=&#8221;794&#8243; overlay_type=&#8221;image&#8221; overlay_img=&#8221;794&#8243; overlay_bg_size=&#8221;cover&#8221; overlay_img_attachment=&#8221;fixed&#8221;][pl_col pagelayer-id=&#8221;ERPZKsgl5cMieVsW&#8221;  widget_space=&#8221;15&#8243; overlay_hover_delay=&#8221;400&#8243; ele_bg_type=&#8221;&#8221; ele_bg_attachment=&#8221;fixed&#8221; ele_bg_posx=&#8221;center&#8221; ele_bg_posy=&#8221;center&#8221; ele_bg_repeat=&#8221;no-repeat&#8221; ele_bg_size=&#8221;cover&#8221; ele_bg_img=&#8221;http:\/\/sitepad.local\/site-data\/plugins\/pagelayer-pro\/images\/default-image.png&#8221;][pl_heading pagelayer-id=&#8221;OpPyiQACYj4UWX7h&#8221;  heading_state=&#8221;normal&#8221; color=&#8221;#ebfbffff&#8221; align=&#8221;center&#8221; heading_typo=&#8221;Cabin,40,Normal,700,,,Solid,4,,0.2,&#8221; animation=&#8221;fadeInUp&#8221; animation_delay=&#8221;600&#8243; animation_speed=&#8221;slowest&#8221; heading_typo_mobile=&#8221;,22,,,,,Solid,,,,&#8221; heading_typo_tablet=&#8221;,28,,,,,Solid,,,,&#8221; font_family=&#8221;Cabin&#8221; heading_text_shadow=&#8221;-4,5,5,#aadae8ff&#8221;]<\/p>\n<p>Baycan Malzemecilik Tekstil Mobilya San. Tic. Ltd. \u015eti.[\/pl_heading]<br \/>\n[\/pl_col]<br \/>\n[\/pl_row]<br \/>\n[pl_row pagelayer-id=&#8221;BdMAxM0egQ74qLnh&#8221;  stretch=&#8221;auto&#8221; col_gap=&#8221;10&#8243; width_content=&#8221;auto&#8221; row_height=&#8221;default&#8221; overlay_hover_delay=&#8221;400&#8243; row_shape_top_color=&#8221;#227bc3&#8243; row_shape_top_width=&#8221;100&#8243; row_shape_top_height=&#8221;100&#8243; row_shape_bottom_color=&#8221;#e44993&#8243; row_shape_bottom_width=&#8221;100&#8243; row_shape_bottom_height=&#8221;100&#8243; ele_padding=&#8221;80px,0px,80px,0px&#8221; ele_padding_mobile=&#8221;50px,0px,50px,0px&#8221; ele_padding_tablet=&#8221;50px,0px,50px,0px&#8221;][pl_col pagelayer-id=&#8221;OuWnAyKtVhJ8RH5B&#8221;  widget_space=&#8221;15&#8243; overlay_hover_delay=&#8221;400&#8243; ele_padding=&#8221;0px,15px,0px,15px&#8221; animation=&#8221;fadeInLeft&#8221; animation_delay=&#8221;600&#8243; animation_speed=&#8221;slowest&#8221; col_width_mobile=&#8221;100&#8243; ele_padding_mobile=&#8221;0px,0px,15px,0px&#8221; col_width=&#8221;33&#8243;][pl_iconbox pagelayer-id=&#8221;1VQyn0QV5gYIzi8D&#8221;  service_icon=&#8221;fas fa-map-marker-alt&#8221; service_alignment=&#8221;top&#8221; service_vertical_alignment=&#8221;middle&#8221; service_icon_view=&#8221;default&#8221; service_icon_padding=&#8221;15&#8243; service_icon_state=&#8221;normal&#8221; service_icon_color=&#8221;#f4b158ff&#8221; service_icon_font_size=&#8221;50&#8243; service_icon_hover_delay=&#8221;400&#8243; service_bor_state=&#8221;normal&#8221; service_heading=&#8221;adres&#8221; heading_alignment=&#8221;center&#8221; service_title_spacing=&#8221;20,0,0,0&#8243; heading_state=&#8221;normal&#8221; service_heading_color=&#8221;#000000ff&#8221; service_heading_typo=&#8221;Cabin,22,,700,,,Solid,,Capitalize,,&#8221; heading_delay=&#8221;400&#8243; service_text_alignment=&#8221;center&#8221; service_btn_hover_delay=&#8221;400&#8243; service_icon_font_size_mobile=&#8221;30&#8243; service_heading_typo_mobile=&#8221;,18,,,,,Solid,,,,&#8221; service_icon_font_size_tablet=&#8221;35&#8243; service_heading_typo_tablet=&#8221;,20,,,,,Solid,,,,&#8221; border_radius=&#8221;4px,4px,4px,4px&#8221; border_width=&#8221;0px,0px,0px,0px&#8221; border_color=&#8221;#CCC&#8221; border_hover=&#8221;&#8221; border_radius_hover=&#8221;0px,0px,0px,0px&#8221;]<\/p>\n<p>[\/pl_iconbox]<br \/>\n[pl_address pagelayer-id=&#8221;Hr4KsS0fFxsxirWh&#8221;  icon=&#8221;fas fa-map-marker-alt&#8221; typography=&#8221;Cabin,14,,400,,,Solid,1.5,,,&#8221; color=&#8221;#202b2db8&#8243;][\/pl_address]<br \/>\n[\/pl_col]<br \/>\n[pl_col pagelayer-id=&#8221;PXhQAKYeFZz4ES23&#8243;  widget_space=&#8221;15&#8243; overlay_hover_delay=&#8221;400&#8243; ele_padding=&#8221;0px,15px,0px,15px&#8221; animation=&#8221;fadeInUp&#8221; animation_delay=&#8221;800&#8243; animation_speed=&#8221;slowest&#8221; col_width_mobile=&#8221;100&#8243; ele_padding_mobile=&#8221;0px,0px,15px,0px&#8221; col_width=&#8221;33&#8243;][pl_iconbox pagelayer-id=&#8221;lCdGS130JbNSuqCY&#8221;  service_icon=&#8221;fas fa-phone&#8221; service_alignment=&#8221;top&#8221; service_vertical_alignment=&#8221;middle&#8221; service_icon_view=&#8221;default&#8221; service_icon_padding=&#8221;15&#8243; service_icon_state=&#8221;normal&#8221; service_icon_color=&#8221;#f4b158ff&#8221; service_icon_font_size=&#8221;50&#8243; service_icon_hover_delay=&#8221;400&#8243; service_bor_state=&#8221;normal&#8221; service_heading=&#8221;Telefon&#8221; heading_alignment=&#8221;center&#8221; service_title_spacing=&#8221;20,0,0,0&#8243; heading_state=&#8221;normal&#8221; service_heading_color=&#8221;#000000ff&#8221; service_heading_typo=&#8221;Cabin,22,,700,,,Solid,,Capitalize,,&#8221; heading_delay=&#8221;400&#8243; service_text_alignment=&#8221;center&#8221; service_btn_hover_delay=&#8221;400&#8243; service_icon_font_size_mobile=&#8221;30&#8243; service_heading_typo_mobile=&#8221;,18,,,,,Solid,,,,&#8221; service_icon_font_size_tablet=&#8221;40&#8243; service_heading_typo_tablet=&#8221;,20,,,,,Solid,,,,&#8221;]<\/p>\n<p>[\/pl_iconbox]<br \/>\n[pl_phone pagelayer-id=&#8221;tSsNUj4jcIxWgkYg&#8221;  icon=&#8221;&#8221; color=&#8221;#5d5d5dff&#8221; align=&#8221;center&#8221; typography=&#8221;Cabin,14,,400,,,Solid,1.5,,,&#8221; typography_mobile=&#8221;,13,,,,,Solid,,,,&#8221; typography_tablet=&#8221;,13,,,,,Solid,,,,&#8221; linked=&#8221;true&#8221;][\/pl_phone]<br \/>\n[\/pl_col]<br \/>\n[pl_col pagelayer-id=&#8221;PdwBGTb8t3207tUG&#8221;  widget_space=&#8221;15&#8243; overlay_hover_delay=&#8221;400&#8243; ele_padding=&#8221;0px,15px,0px,15px&#8221; animation=&#8221;fadeInRight&#8221; animation_delay=&#8221;700&#8243; animation_speed=&#8221;slowest&#8221; col_width_mobile=&#8221;100&#8243; ele_padding_mobile=&#8221;0px,0px,15px,0px&#8221; col_width=&#8221;33&#8243;][pl_iconbox pagelayer-id=&#8221;QBtuwQA7NLHqMZGD&#8221;  service_icon=&#8221;far fa-envelope&#8221; service_alignment=&#8221;top&#8221; service_vertical_alignment=&#8221;middle&#8221; service_icon_view=&#8221;default&#8221; service_icon_padding=&#8221;15&#8243; service_icon_state=&#8221;normal&#8221; service_icon_color=&#8221;#f4b158ff&#8221; service_icon_font_size=&#8221;50&#8243; service_icon_hover_delay=&#8221;400&#8243; service_bor_state=&#8221;normal&#8221; service_heading=&#8221;email&#8221; heading_alignment=&#8221;center&#8221; service_title_spacing=&#8221;20,0,0,0&#8243; heading_state=&#8221;normal&#8221; service_heading_color=&#8221;#000000ff&#8221; service_heading_typo=&#8221;Cabin,22,,700,,,Solid,,Capitalize,,&#8221; heading_delay=&#8221;400&#8243; service_text_alignment=&#8221;center&#8221; service_btn_hover_delay=&#8221;400&#8243; service_icon_font_size_mobile=&#8221;30&#8243; service_heading_typo_mobile=&#8221;,18,,,,,Solid,,,,&#8221; service_icon_font_size_tablet=&#8221;40&#8243; service_heading_typo_tablet=&#8221;,20,,,,,Solid,,,,&#8221;]<\/p>\n<p>[\/pl_iconbox]<br \/>\n[pl_email pagelayer-id=&#8221;fIx9JXP1R7NqE6Qd&#8221;  icon=&#8221;&#8221; align=&#8221;center&#8221; color=&#8221;#5d5d5dff&#8221; typography=&#8221;Cabin,14,,400,,,Solid,1.5,,,&#8221; typography_mobile=&#8221;,13,,,,,Solid,,,,&#8221; typography_tablet=&#8221;,13,,,,,Solid,,,,&#8221;][\/pl_email]<br \/>\n[\/pl_col]<br \/>\n[\/pl_row]<br \/>\n[pl_row pagelayer-id=&#8221;jKIScphqwUtoKAUz&#8221;  stretch=&#8221;auto&#8221; col_gap=&#8221;10&#8243; width_content=&#8221;auto&#8221; row_height=&#8221;default&#8221; overlay_hover_delay=&#8221;400&#8243; row_shape_top_color=&#8221;#227bc3&#8243; row_shape_top_width=&#8221;100&#8243; row_shape_top_height=&#8221;100&#8243; row_shape_bottom_color=&#8221;#e44993&#8243; row_shape_bottom_width=&#8221;100&#8243; row_shape_bottom_height=&#8221;100&#8243; ele_padding=&#8221;63px,0px,80px,0px&#8221; ele_bg_type=&#8221;color&#8221; ele_bg_color=&#8221;#fadab1ff&#8221; ele_padding_mobile=&#8221;50px,0px,50px,0px&#8221; ele_padding_tablet=&#8221;50px,0px,50px,0px&#8221; font_family=&#8221;Cabin&#8221; font_size=&#8221;14&#8243; ele_margin=&#8221;0px,0px,0px,0px&#8221; ele_zindex=&#8221;0&#8243; fixed_width=&#8221;626px&#8221;][pl_col pagelayer-id=&#8221;Yh6zCrbB3tK6abvR&#8221;  overlay_hover_delay=&#8221;400&#8243; col=&#8221;12&#8243; ele_margin=&#8221;0px,0px,0px,0px&#8221; ele_padding=&#8221;0px,0px,0px,0px&#8221; ele_zindex=&#8221;0&#8243; animation=&#8221;&#8221; animation_delay=&#8221;600&#8243; animation_speed=&#8221;slow&#8221; widget_space=&#8221;0&#8243; content_pos=&#8221;center&#8221;][pl_google_maps pagelayer-id=&#8221;zmABvWwZAWqcW6MW&#8221;  zoom=&#8221;11&#8243; height=&#8221;300&#8243; ele_margin=&#8221;0px,0px,0px,0px&#8221; ele_padding=&#8221;6px,6px,-3px,6px&#8221; ele_zindex=&#8221;50&#8243; border_type=&#8221;solid&#8221; border_width=&#8221;1px,1px,1px,1px&#8221; border_color=&#8221;#ccccccff&#8221; border_radius=&#8221;10px,10px,10px,10px&#8221; animation=&#8221;fadeInUp&#8221; animation_delay=&#8221;700&#8243; animation_speed=&#8221;slow&#8221; ele_shadow=&#8221;6,6,18,#4e6e76ff,6,&#8221;]<\/p>\n<p>27. Cd. No:73 Anbar 38070 Melikgazi\/Kayseri[\/pl_google_maps]<br \/>\n[\/pl_col]<br \/>\n[\/pl_row]<br \/>\n[pl_row pagelayer-id=&#8221;2MOgXAILWi8X7T3t&#8221;  stretch=&#8221;auto&#8221; col_gap=&#8221;10&#8243; width_content=&#8221;auto&#8221; row_height=&#8221;default&#8221; overlay_hover_delay=&#8221;400&#8243; row_shape_top_color=&#8221;#227bc3&#8243; row_shape_top_width=&#8221;100&#8243; row_shape_top_height=&#8221;100&#8243; row_shape_bottom_color=&#8221;#e44993&#8243; row_shape_bottom_width=&#8221;100&#8243; row_shape_bottom_height=&#8221;100&#8243;][pl_col pagelayer-id=&#8221;oC05oPCisIK1V1ix&#8221;  overlay_hover_delay=&#8221;400&#8243;][pl_wp_wpforms-widget pagelayer-id=&#8221;A7IaKNMol9aJlDiS&#8221;  font_family=&#8221;Cabin&#8221; font_size=&#8221;10&#8243; font_style=&#8221;Normal&#8221; font_weight=&#8221;normal&#8221; line_height=&#8221;0&#8243; ele_shadow=&#8221;12,12,6,#a3aaabff,6,&#8221; border_shadow_hover=&#8221;6,6,6,#657376ff,6,&#8221; ele_padding=&#8221;34px,34px,34px,34px&#8221; ele_margin=&#8221;4px,4px,4px,4px&#8221; border_radius=&#8221;16px,16px,16px,16px&#8221; border_type=&#8221;solid&#8221; border_width=&#8221;1px,1px,1px,1px&#8221; border_color=&#8221;#CCC&#8221; animation=&#8221;fadeInUp&#8221; animation_delay=&#8221;500&#8243; animation_speed=&#8221;slow&#8221;]<\/p>\n<p>{&#8220;title&#8221;:&#8221; &#8220;,&#8221;form_id&#8221;:&#8221;295&#8243;,&#8221;show_title&#8221;:&#8221;1&#8243;,&#8221;show_desc&#8221;:&#8221;1&#8243;}[\/pl_wp_wpforms-widget]<br \/>\n[\/pl_col]<br \/>\n[\/pl_row]<\/p>\n","protected":false},"excerpt":{"rendered":"<p>[pl_row pagelayer-id=&#8221;XausjCIuwtb2GQO5&#8243; stretch=&#8221;auto&#8221; col_gap=&#8221;0&#8243; width_content=&#8221;auto&#8221; row_height=&#8221;custom&#8221; overlay_hover_delay=&#8221;400&#8243; row_shape_top_color=&#8221;#227bc3&#8243; row_shape_top_width=&#8221;100&#8243; row_shape_top_height=&#8221;100&#8243; row_shape_bottom_color=&#8221;#e44993&#8243; row_shape_bottom_width=&#8221;100&#8243; row_shape_bottom_height=&#8221;100&#8243; ele_padding=&#8221;90px,0px,130px,0px&#8221; ele_bg_type=&#8221;image&#8221; ele_bg_img=&#8221;https:\/\/www.baycanmalzeme.com\/wp-content\/themes\/popularfx\/templates\/peach\/images\/banner.jpg&#8221; ele_bg_attachment=&#8221;fixed&#8221; ele_bg_posx=&#8221;center&#8221; ele_bg_posy=&#8221;center&#8221; ele_bg_repeat=&#8221;no-repeat&#8221; ele_bg_size=&#8221;cover&#8221; ele_padding_mobile=&#8221;80px,0px,100px,0px&#8221; overlay_transperancy=&#8221;1&#8243; overlay_bg_posy=&#8221;center&#8221; overlay_bg_posx=&#8221;center&#8221; fixed_width=&#8221;500px&#8221; min_height=&#8221;0px&#8221; content_pos=&#8221;flex-start&#8221; parallax_img=&#8221;794&#8243; overlay_type=&#8221;image&#8221; overlay_img=&#8221;794&#8243; overlay_bg_size=&#8221;cover&#8221; overlay_img_attachment=&#8221;fixed&#8221;][pl_col pagelayer-id=&#8221;ERPZKsgl5cMieVsW&#8221; widget_space=&#8221;15&#8243; overlay_hover_delay=&#8221;400&#8243; ele_bg_type=&#8221;&#8221; ele_bg_attachment=&#8221;fixed&#8221; ele_bg_posx=&#8221;center&#8221; ele_bg_posy=&#8221;center&#8221; ele_bg_repeat=&#8221;no-repeat&#8221; ele_bg_size=&#8221;cover&#8221; ele_bg_img=&#8221;http:\/\/sitepad.local\/site-data\/plugins\/pagelayer-pro\/images\/default-image.png&#8221;][pl_heading pagelayer-id=&#8221;OpPyiQACYj4UWX7h&#8221; heading_state=&#8221;normal&#8221; color=&#8221;#ebfbffff&#8221; align=&#8221;center&#8221; heading_typo=&#8221;Cabin,40,Normal,700,,,Solid,4,,0.2,&#8221; animation=&#8221;fadeInUp&#8221; animation_delay=&#8221;600&#8243; animation_speed=&#8221;slowest&#8221; heading_typo_mobile=&#8221;,22,,,,,Solid,,,,&#8221; heading_typo_tablet=&#8221;,28,,,,,Solid,,,,&#8221; font_family=&#8221;Cabin&#8221; heading_text_shadow=&#8221;-4,5,5,#aadae8ff&#8221;] [&hellip;]<\/p>\n","protected":false},"author":0,"featured_media":0,"parent":0,"menu_order":0,"comment_status":"closed","ping_status":"closed","template":"","meta":{"_monsterinsights_skip_tracking":false,"_monsterinsights_sitenote_active":false,"_monsterinsights_sitenote_note":"","_monsterinsights_sitenote_category":0},"yoast_head":"<!-- This site is optimized with the Yoast SEO plugin v15.1.1 - https:\/\/yoast.com\/wordpress\/plugins\/seo\/ -->\n<title>\u0130leti\u015fim &#8902; Baycan Malzeme<\/title>\n<meta name=\"description\" content=\"Tela elyaf ke\u00e7e latex lateks yatak \u00fcretim malzemeleri hammaddeleri kanepe koltuk ayaklar\u0131 dolap \u00e7ekmece kulplar\u0131 kayseri en uygun en ucuz en iyi tedarik\u00e7i malzemeci\" \/>\n<meta name=\"robots\" content=\"index, follow, max-snippet:-1, max-image-preview:large, max-video-preview:-1\" \/>\n<link rel=\"canonical\" href=\"https:\/\/www.baycanmalzeme.com\/?page_id=6\" \/>\n<meta property=\"og:locale\" content=\"tr_TR\" \/>\n<meta property=\"og:type\" content=\"article\" \/>\n<meta property=\"og:title\" content=\"\u0130leti\u015fim &#8902; Baycan Malzeme\" \/>\n<meta property=\"og:description\" content=\"Tela elyaf ke\u00e7e latex lateks yatak \u00fcretim malzemeleri hammaddeleri kanepe koltuk ayaklar\u0131 dolap \u00e7ekmece kulplar\u0131 kayseri en uygun en ucuz en iyi tedarik\u00e7i malzemeci\" \/>\n<meta property=\"og:url\" content=\"https:\/\/www.baycanmalzeme.com\/?page_id=6\" \/>\n<meta property=\"og:site_name\" content=\"Baycan Malzeme\" \/>\n<meta property=\"article:publisher\" content=\"https:\/\/www.facebook.com\/baycanmalzeme\" \/>\n<meta property=\"article:modified_time\" content=\"2023-12-29T08:07:42+00:00\" \/>\n<meta name=\"twitter:card\" content=\"summary_large_image\" \/>\n<script type=\"application\/ld+json\" class=\"yoast-schema-graph\">{\"@context\":\"https:\/\/schema.org\",\"@graph\":[{\"@type\":\"Organization\",\"@id\":\"https:\/\/www.baycanmalzeme.com\/#organization\",\"name\":\"Baycan Malzemecilik Tekstil Mobilya San. Tic. Ltd. \\u015eTi.\",\"url\":\"https:\/\/www.baycanmalzeme.com\/\",\"sameAs\":[\"https:\/\/www.facebook.com\/baycanmalzeme\",\"https:\/\/www.instagram.com\/baycan_malzeme\",\"https:\/\/www.google.com\/url?sa=t&amp;amp;amp;amp;amp;rct=j&amp;amp;amp;amp;amp;q&amp;amp;amp;amp;amp;esrc=s&amp;amp;amp;amp;amp;source=web&amp;amp;amp;amp;amp;cd&amp;amp;amp;amp;amp;cad=rja&amp;amp;amp;amp;amp;uact=8&amp;amp;amp;amp;amp;ved=2ahUKEwiTmtXZ5oDyAhXRgP0HHc3OAiYQFjAAegQIBBAD&amp;amp;amp;amp;amp;url=https:\/\/tr.linkedin.com\/in\/baycan-malzeme-21baa31b9&amp;amp;amp;amp;amp;usg=AOvVaw2bQM81Uv5MVOVF1ddNg6T_\"],\"logo\":{\"@type\":\"ImageObject\",\"@id\":\"https:\/\/www.baycanmalzeme.com\/#logo\",\"inLanguage\":\"tr\",\"url\":\"https:\/\/www.baycanmalzeme.com\/wp-content\/uploads\/2020\/10\/Adsiz.png\",\"width\":274,\"height\":88,\"caption\":\"Baycan Malzemecilik Tekstil Mobilya San. Tic. Ltd. \\u015eTi.\"},\"image\":{\"@id\":\"https:\/\/www.baycanmalzeme.com\/#logo\"}},{\"@type\":\"WebSite\",\"@id\":\"https:\/\/www.baycanmalzeme.com\/#website\",\"url\":\"https:\/\/www.baycanmalzeme.com\/\",\"name\":\"Baycan Malzeme\",\"description\":\"Tekstil Mobilya San.Tic. Ltd. \\u015eti.\",\"publisher\":{\"@id\":\"https:\/\/www.baycanmalzeme.com\/#organization\"},\"potentialAction\":[{\"@type\":\"SearchAction\",\"target\":\"https:\/\/www.baycanmalzeme.com\/?s={search_term_string}\",\"query-input\":\"required name=search_term_string\"}],\"inLanguage\":\"tr\"},{\"@type\":\"WebPage\",\"@id\":\"https:\/\/www.baycanmalzeme.com\/?page_id=6#webpage\",\"url\":\"https:\/\/www.baycanmalzeme.com\/?page_id=6\",\"name\":\"\\u0130leti\\u015fim &#8902; Baycan Malzeme\",\"isPartOf\":{\"@id\":\"https:\/\/www.baycanmalzeme.com\/#website\"},\"datePublished\":\"2020-10-08T11:48:14+00:00\",\"dateModified\":\"2023-12-29T08:07:42+00:00\",\"description\":\"Tela elyaf ke\\u00e7e latex lateks yatak \\u00fcretim malzemeleri hammaddeleri kanepe koltuk ayaklar\\u0131 dolap \\u00e7ekmece kulplar\\u0131 kayseri en uygun en ucuz en iyi tedarik\\u00e7i malzemeci\",\"inLanguage\":\"tr\",\"potentialAction\":[{\"@type\":\"ReadAction\",\"target\":[\"https:\/\/www.baycanmalzeme.com\/?page_id=6\"]}]}]}<\/script>\n<!-- \/ Yoast SEO plugin. -->","_links":{"self":[{"href":"https:\/\/www.baycanmalzeme.com\/index.php?rest_route=\/wp\/v2\/pages\/6"}],"collection":[{"href":"https:\/\/www.baycanmalzeme.com\/index.php?rest_route=\/wp\/v2\/pages"}],"about":[{"href":"https:\/\/www.baycanmalzeme.com\/index.php?rest_route=\/wp\/v2\/types\/page"}],"replies":[{"embeddable":true,"href":"https:\/\/www.baycanmalzeme.com\/index.php?rest_route=%2Fwp%2Fv2%2Fcomments&post=6"}],"version-history":[{"count":78,"href":"https:\/\/www.baycanmalzeme.com\/index.php?rest_route=\/wp\/v2\/pages\/6\/revisions"}],"predecessor-version":[{"id":925,"href":"https:\/\/www.baycanmalzeme.com\/index.php?rest_route=\/wp\/v2\/pages\/6\/revisions\/925"}],"wp:attachment":[{"href":"https:\/\/www.baycanmalzeme.com\/index.php?rest_route=%2Fwp%2Fv2%2Fmedia&parent=6"}],"curies":[{"name":"wp","href":"https:\/\/api.w.org\/{rel}","templated":true}]}}